{"id":3308,"date":"2021-07-19T19:33:51","date_gmt":"2021-07-19T17:33:51","guid":{"rendered":"http:\/\/schaumburger.hatdiebesteagentur.de\/?page_id=3308"},"modified":"2021-10-06T15:53:58","modified_gmt":"2021-10-06T13:53:58","slug":"buffetauswahl","status":"publish","type":"page","link":"https:\/\/schaumburger-ritter.de\/en\/feiern\/buffetauswahl\/","title":{"rendered":"Buffets"},"content":{"rendered":"<div data-elementor-type=\"wp-post\" data-elementor-id=\"3308\" class=\"elementor elementor-3308\" data-elementor-post-type=\"page\">\n\t\t\t\t\t\t<section data-particle_enable=\"false\" data-particle-mobile-disabled=\"false\" class=\"elementor-section elementor-top-section elementor-element elementor-element-eb5857f elementor-section-stretched elementor-section-height-min-height elementor-section-boxed elementor-section-height-default elementor-section-items-middle\" data-id=\"eb5857f\" data-element_type=\"section\" data-e-type=\"section\" data-settings=\"{&quot;stretch_section&quot;:&quot;section-stretched&quot;,&quot;background_background&quot;:&quot;classic&quot;}\">\n\t\t\t\t\t\t\t<div class=\"elementor-background-overlay\"><\/div>\n\t\t\t\t\t\t\t<div class=\"elementor-container elementor-column-gap-default\">\n\t\t\t\t\t<div class=\"elementor-column elementor-col-100 elementor-top-column elementor-element elementor-element-282baf7\" data-id=\"282baf7\" data-element_type=\"column\" data-e-type=\"column\">\n\t\t\t<div class=\"elementor-widget-wrap elementor-element-populated\">\n\t\t\t\t\t\t<div class=\"elementor-element elementor-element-cbce4a1 elementor-widget elementor-widget-heading\" data-id=\"cbce4a1\" data-element_type=\"widget\" data-e-type=\"widget\" data-widget_type=\"heading.default\">\n\t\t\t\t<div class=\"elementor-widget-container\">\n\t\t\t\t\t<h1 class=\"elementor-heading-title elementor-size-default\">Buffets<\/h1>\t\t\t\t<\/div>\n\t\t\t\t<\/div>\n\t\t\t\t\t<\/div>\n\t\t<\/div>\n\t\t\t\t\t<\/div>\n\t\t<\/section>\n\t\t\t\t<section data-particle_enable=\"false\" data-particle-mobile-disabled=\"false\" class=\"elementor-section elementor-top-section elementor-element elementor-element-c088b6d elementor-section-boxed elementor-section-height-default elementor-section-height-default\" data-id=\"c088b6d\" data-element_type=\"section\" data-e-type=\"section\">\n\t\t\t\t\t\t<div class=\"elementor-container elementor-column-gap-default\">\n\t\t\t\t\t<div class=\"elementor-column elementor-col-100 elementor-top-column elementor-element elementor-element-ae095e9\" data-id=\"ae095e9\" data-element_type=\"column\" data-e-type=\"column\">\n\t\t\t<div class=\"elementor-widget-wrap elementor-element-populated\">\n\t\t\t\t\t\t<div class=\"elementor-element elementor-element-526672b elementor-widget elementor-widget-spacer\" data-id=\"526672b\" data-element_type=\"widget\" data-e-type=\"widget\" data-widget_type=\"spacer.default\">\n\t\t\t\t<div class=\"elementor-widget-container\">\n\t\t\t\t\t\t\t<div class=\"elementor-spacer\">\n\t\t\t<div class=\"elementor-spacer-inner\"><\/div>\n\t\t<\/div>\n\t\t\t\t\t\t<\/div>\n\t\t\t\t<\/div>\n\t\t\t\t<div class=\"elementor-element elementor-element-4e1ae1b elementor-widget elementor-widget-image\" data-id=\"4e1ae1b\" data-element_type=\"widget\" data-e-type=\"widget\" data-widget_type=\"image.default\">\n\t\t\t\t<div class=\"elementor-widget-container\">\n\t\t\t\t\t\t\t\t\t\t\t\t\t\t\t<img fetchpriority=\"high\" decoding=\"async\" width=\"614\" height=\"350\" src=\"https:\/\/schaumburger-ritter.de\/wp-content\/uploads\/2021\/10\/buffet.jpg\" class=\"attachment-large size-large wp-image-4870\" alt=\"\" srcset=\"https:\/\/schaumburger-ritter.de\/wp-content\/uploads\/2021\/10\/buffet.jpg 614w, https:\/\/schaumburger-ritter.de\/wp-content\/uploads\/2021\/10\/buffet-300x171.jpg 300w, https:\/\/schaumburger-ritter.de\/wp-content\/uploads\/2021\/10\/buffet-600x342.jpg 600w\" sizes=\"(max-width: 614px) 100vw, 614px\" \/>\t\t\t\t\t\t\t\t\t\t\t\t\t\t\t<\/div>\n\t\t\t\t<\/div>\n\t\t\t\t<div class=\"elementor-element elementor-element-6199123 elementor-widget elementor-widget-spacer\" data-id=\"6199123\" data-element_type=\"widget\" data-e-type=\"widget\" data-widget_type=\"spacer.default\">\n\t\t\t\t<div class=\"elementor-widget-container\">\n\t\t\t\t\t\t\t<div class=\"elementor-spacer\">\n\t\t\t<div class=\"elementor-spacer-inner\"><\/div>\n\t\t<\/div>\n\t\t\t\t\t\t<\/div>\n\t\t\t\t<\/div>\n\t\t\t\t<div class=\"elementor-element elementor-element-751838c elementor-widget elementor-widget-heading\" data-id=\"751838c\" data-element_type=\"widget\" data-e-type=\"widget\" data-widget_type=\"heading.default\">\n\t\t\t\t<div class=\"elementor-widget-container\">\n\t\t\t\t\t<h1 class=\"elementor-heading-title elementor-size-default\">Suggestions for your individual buffet<\/h1>\t\t\t\t<\/div>\n\t\t\t\t<\/div>\n\t\t\t\t<div class=\"elementor-element elementor-element-2093af5 elementor-widget elementor-widget-spacer\" data-id=\"2093af5\" data-element_type=\"widget\" data-e-type=\"widget\" data-widget_type=\"spacer.default\">\n\t\t\t\t<div class=\"elementor-widget-container\">\n\t\t\t\t\t\t\t<div class=\"elementor-spacer\">\n\t\t\t<div class=\"elementor-spacer-inner\"><\/div>\n\t\t<\/div>\n\t\t\t\t\t\t<\/div>\n\t\t\t\t<\/div>\n\t\t\t\t\t<\/div>\n\t\t<\/div>\n\t\t\t\t\t<\/div>\n\t\t<\/section>\n\t\t\t\t<section data-particle_enable=\"false\" data-particle-mobile-disabled=\"false\" class=\"elementor-section elementor-top-section elementor-element elementor-element-ae88abc elementor-section-boxed elementor-section-height-default elementor-section-height-default\" data-id=\"ae88abc\" data-element_type=\"section\" data-e-type=\"section\">\n\t\t\t\t\t\t<div class=\"elementor-container elementor-column-gap-default\">\n\t\t\t\t\t<div class=\"elementor-column elementor-col-50 elementor-top-column elementor-element elementor-element-fc43901\" data-id=\"fc43901\" data-element_type=\"column\" data-e-type=\"column\">\n\t\t\t<div class=\"elementor-widget-wrap elementor-element-populated\">\n\t\t\t\t\t\t<div class=\"elementor-element elementor-element-27bd738 elementor-widget elementor-widget-toggle\" data-id=\"27bd738\" data-element_type=\"widget\" data-e-type=\"widget\" data-widget_type=\"toggle.default\">\n\t\t\t\t<div class=\"elementor-widget-container\">\n\t\t\t\t\t\t\t<div class=\"elementor-toggle\">\n\t\t\t\t\t\t\t<div class=\"elementor-toggle-item\">\n\t\t\t\t\t<div id=\"elementor-tab-title-4161\" class=\"elementor-tab-title\" data-tab=\"1\" role=\"button\" aria-controls=\"elementor-tab-content-4161\" aria-expanded=\"false\">\n\t\t\t\t\t\t\t\t\t\t\t\t<span class=\"elementor-toggle-icon elementor-toggle-icon-left\" aria-hidden=\"true\">\n\t\t\t\t\t\t\t\t\t\t\t\t\t\t\t<span class=\"elementor-toggle-icon-closed\"><i class=\"fas fa-caret-right\"><\/i><\/span>\n\t\t\t\t\t\t\t\t<span class=\"elementor-toggle-icon-opened\"><i class=\"elementor-toggle-icon-opened fas fa-caret-up\"><\/i><\/span>\n\t\t\t\t\t\t\t\t\t\t\t\t\t<\/span>\n\t\t\t\t\t\t\t\t\t\t\t\t<a class=\"elementor-toggle-title\" tabindex=\"0\">Cold dishes<\/a>\n\t\t\t\t\t<\/div>\n\n\t\t\t\t\t<div id=\"elementor-tab-content-4161\" class=\"elementor-tab-content elementor-clearfix\" data-tab=\"1\" role=\"region\" aria-labelledby=\"elementor-tab-title-4161\"><ul><li>B\u00fcsumer<\/li><li>Krabbencocktail<\/li><li>R\u00e4ucherfischauswahl<\/li><li>Sashimi Thunfisch<\/li><li>Garnelensalat<\/li><li>Medaillons und Tatar vom Lachs<\/li><li>Meeresfr\u00fcchtesalat mit Avocado<\/li><li>Variation vom Hering<\/li><li>Terrine von Fisch und Krustentieren<\/li><li>gebratene Garnelen<\/li><li>marinierte Fischfilets<\/li><li>Thunfischsalat mit gr\u00fcnen Bohnen und Oliven<\/li><li>Garnierte Medaillons vom Schwein, Rind und Pute<\/li><li>Saisonale S\u00fclzen und Terrinen<\/li><li>Rindertatar<\/li><li>Ger\u00e4ucherte Entenbrust<\/li><li>Marinierter Jungschweinr\u00fccken<\/li><li>Rindertafelspitz in Zwiebelvinaigrette<\/li><li>Gebratene Poularde mit exotischen Fr\u00fcchten<\/li><li>Tafelspitzs\u00fclze mit Kr\u00e4utervinaigrette und schwarzem Rettich<\/li><li>Roastbeef mit Remouladensauce<\/li><li>Vitello Tonnato<\/li><li>Serranoschinken mit Melone<\/li><li>Th\u00fcringer Zwiebelmett<\/li><li>Kasselerr\u00fccken mit Wei\u00dfkraut-Ananassalat<\/li><li>Kleine Frikadellen &amp; Schnitzel<\/li><li>Rindercarpaccio mit Pinien und Parmesan<\/li><li>Wildspezialit\u00e4ten wie Schinken,<\/li><li>T\u00f6rtchen, Tatar, Medaillons<\/li><li>Terrine, S\u00fclze, R\u00fccken, Carpaccio und Galantine<\/li><li>Els\u00e4sser Wurstsalat mit K\u00e4se und Zwiebeln<\/li><li>Gefl\u00fcgelsalat mit Spargel, Ananas und Curry<\/li><li>Auswahl von eingelegten Gem\u00fcsen (Antipasti)<\/li><li>Chicoreesalat mit Orangenvinaigrette und ger\u00f6steten Cashewkernen<\/li><li>R\u00f6mersalat mit Artischocken, Champignons und Knoblauchcr\u00f4utons<\/li><li>Tomate mit Mozzarella<\/li><li>Frische Blattsalate mit verschiedenen Dressings<\/li><li>Tomaten-Brot-Salat \/ Tabouletsalat \/ Spargelsalat \/ Kartoffelsalat<br \/>Gurkensalat \/ Nudelsalat \/ Tomatensalat \/ Gerstonisalat<br \/><strong><br \/>Selbstverst\u00e4ndlich reichen wir zu allen Speisen korrespondierende Saucen, Dressings &amp; Dips!<\/strong><\/li><\/ul><\/div>\n\t\t\t\t<\/div>\n\t\t\t\t\t\t\t<div class=\"elementor-toggle-item\">\n\t\t\t\t\t<div id=\"elementor-tab-title-4162\" class=\"elementor-tab-title\" data-tab=\"2\" role=\"button\" aria-controls=\"elementor-tab-content-4162\" aria-expanded=\"false\">\n\t\t\t\t\t\t\t\t\t\t\t\t<span class=\"elementor-toggle-icon elementor-toggle-icon-left\" aria-hidden=\"true\">\n\t\t\t\t\t\t\t\t\t\t\t\t\t\t\t<span class=\"elementor-toggle-icon-closed\"><i class=\"fas fa-caret-right\"><\/i><\/span>\n\t\t\t\t\t\t\t\t<span class=\"elementor-toggle-icon-opened\"><i class=\"elementor-toggle-icon-opened fas fa-caret-up\"><\/i><\/span>\n\t\t\t\t\t\t\t\t\t\t\t\t\t<\/span>\n\t\t\t\t\t\t\t\t\t\t\t\t<a class=\"elementor-toggle-title\" tabindex=\"0\">Soups<\/a>\n\t\t\t\t\t<\/div>\n\n\t\t\t\t\t<div id=\"elementor-tab-content-4162\" class=\"elementor-tab-content elementor-clearfix\" data-tab=\"2\" role=\"region\" aria-labelledby=\"elementor-tab-title-4162\"><ul><li>B\u00e4rlauchsuppe<\/li><li>Champignoncremesuppe<\/li><li>Curry-Kokos-Suppe<\/li><li>Eint\u00f6pfe<\/li><li>Gefl\u00fcgel-Chili-<\/li><li>Suppe<\/li><li>Gulaschsuppe<\/li><li>Hummersuppe<\/li><li>Kartoffelsuppe<\/li><li>Kartoffel-Lauch-Suppe<\/li><li>Kr\u00e4utersuppe<\/li><li>Krustentieressenz<\/li><li>K\u00fcrbissuppe<\/li><li>Maronensuppe<\/li><li>Minestrone<\/li><li>Orangen-Chili-Suppe<\/li><li>Pfifferlingrahmsuppe<\/li><li>Pilzessenz<\/li><li>Rinderkraftbr\u00fche<\/li><li>Rote-Beete-Himbeer-Suppe<\/li><li>Schaumburger Hochzeitssuppe<\/li><li>Schaumsuppe von<\/li><li>Safran und Seezunge<br \/>Schaumsuppe von Zuckererbsen<\/li><li>Selleriesuppe<\/li><li>Spargelsuppe<\/li><li>Steckr\u00fcbensuppe<\/li><li>Tomatenconsomm\u00e9<\/li><li>Tomatensuppe<\/li><li>Wildkraftbr\u00fche<\/li><li>Zitronengrassuppe<\/li><\/ul><\/div>\n\t\t\t\t<\/div>\n\t\t\t\t\t\t\t<div class=\"elementor-toggle-item\">\n\t\t\t\t\t<div id=\"elementor-tab-title-4163\" class=\"elementor-tab-title\" data-tab=\"3\" role=\"button\" aria-controls=\"elementor-tab-content-4163\" aria-expanded=\"false\">\n\t\t\t\t\t\t\t\t\t\t\t\t<span class=\"elementor-toggle-icon elementor-toggle-icon-left\" aria-hidden=\"true\">\n\t\t\t\t\t\t\t\t\t\t\t\t\t\t\t<span class=\"elementor-toggle-icon-closed\"><i class=\"fas fa-caret-right\"><\/i><\/span>\n\t\t\t\t\t\t\t\t<span class=\"elementor-toggle-icon-opened\"><i class=\"elementor-toggle-icon-opened fas fa-caret-up\"><\/i><\/span>\n\t\t\t\t\t\t\t\t\t\t\t\t\t<\/span>\n\t\t\t\t\t\t\t\t\t\t\t\t<a class=\"elementor-toggle-title\" tabindex=\"0\">meat<\/a>\n\t\t\t\t\t<\/div>\n\n\t\t\t\t\t<div id=\"elementor-tab-content-4163\" class=\"elementor-tab-content elementor-clearfix\" data-tab=\"3\" role=\"region\" aria-labelledby=\"elementor-tab-title-4163\"><ul><li>gratinierter Jungschweinr\u00fccken<\/li><li>Schweinefilet<\/li><li>Kr\u00e4uterbraten vom Schwein<\/li><li>Geschnetzeltes vom Schwein \/ Rind \/ Kalb \/ Pute<\/li><li>Rosa gebratenes Lammn\u00fcsschen \/ -keule<\/li><li>Geschmorte Lammschulter<\/li><li>Lammr\u00fccken<\/li><li>Ger\u00f6stete Maispoulardenbrust<\/li><li>Gebackene Roulade vom H\u00e4hnchen<\/li><li>Piccata von der Putenbrust<\/li><li>Geschmortes Huhn \u2013 mediterran<\/li><li>Rosa gebratene Entenbrust<\/li><li>Geschmorte Entenkeule<\/li><li>Saltimbocca<\/li><li>Kalbsr\u00fccken<\/li><li>Kalbsschnitzel<\/li><li>Z\u00fcricher Geschnetzeltes<\/li><li>Kalbsb\u00e4ckchen<\/li><li>Kalbsfilet<\/li><li>Kalbstafelspitz<\/li><li>Getr\u00fcffeltes Kalbsblankett<\/li><li>Rosa gebratene Kalbsh\u00fcfte<\/li><li>Geschmorte Kalbsbrust<\/li><li>Mediterrane Kalbsroulade<\/li><li>Sauerbraten vom Rind<\/li><li>Rinderfilet<\/li><li>Roastbeef<\/li><li>Rinderroulade<\/li><li>Rindergulasch<\/li><li>Rinderbacke<\/li><li>Gebackene Rinderbrust \/ Tafelspitz<\/li><li>Fasanenbrust<\/li><li>Wildragout<\/li><li>Geschmorte Frischlingskeule<\/li><li>Geschmorte Rehschulter<\/li><li>Rosagebratene<\/li><li>Keule von Reh, Hirsch oder Mufflon<\/li><li>R\u00fccken von Reh, Frischling oder<\/li><li>Hirsch<\/li><li>gebackene Wildpraline<\/li><\/ul><\/div>\n\t\t\t\t<\/div>\n\t\t\t\t\t\t\t<div class=\"elementor-toggle-item\">\n\t\t\t\t\t<div id=\"elementor-tab-title-4164\" class=\"elementor-tab-title\" data-tab=\"4\" role=\"button\" aria-controls=\"elementor-tab-content-4164\" aria-expanded=\"false\">\n\t\t\t\t\t\t\t\t\t\t\t\t<span class=\"elementor-toggle-icon elementor-toggle-icon-left\" aria-hidden=\"true\">\n\t\t\t\t\t\t\t\t\t\t\t\t\t\t\t<span class=\"elementor-toggle-icon-closed\"><i class=\"fas fa-caret-right\"><\/i><\/span>\n\t\t\t\t\t\t\t\t<span class=\"elementor-toggle-icon-opened\"><i class=\"elementor-toggle-icon-opened fas fa-caret-up\"><\/i><\/span>\n\t\t\t\t\t\t\t\t\t\t\t\t\t<\/span>\n\t\t\t\t\t\t\t\t\t\t\t\t<a class=\"elementor-toggle-title\" tabindex=\"0\">Fish<\/a>\n\t\t\t\t\t<\/div>\n\n\t\t\t\t\t<div id=\"elementor-tab-content-4164\" class=\"elementor-tab-content elementor-clearfix\" data-tab=\"4\" role=\"region\" aria-labelledby=\"elementor-tab-title-4164\"><ul><li>Adlerfisch<\/li><li>Dorade<\/li><li>Dorsch<\/li><li>Garnelen<\/li><li>Heilbutt<\/li><li>Kabeljau<\/li><li>Lachs<\/li><li>Makrele<\/li><li>Meer\u00e4sche<\/li><li>Rotbarbe<\/li><li>Rotbarsch<\/li><li>Saibling<\/li><li>Schellfisch<\/li><li>Scholle<\/li><li>Seelachs<\/li><li>Seeteufel<\/li><li>St. Petersfisch<\/li><li>Welsfilet<\/li><li>Wolfsbarsch<\/li><li>Zander<\/li><\/ul><\/div>\n\t\t\t\t<\/div>\n\t\t\t\t\t\t\t\t<\/div>\n\t\t\t\t\t\t<\/div>\n\t\t\t\t<\/div>\n\t\t\t\t<div class=\"elementor-element elementor-element-9390742 elementor-widget elementor-widget-spacer\" data-id=\"9390742\" data-element_type=\"widget\" data-e-type=\"widget\" data-widget_type=\"spacer.default\">\n\t\t\t\t<div class=\"elementor-widget-container\">\n\t\t\t\t\t\t\t<div class=\"elementor-spacer\">\n\t\t\t<div class=\"elementor-spacer-inner\"><\/div>\n\t\t<\/div>\n\t\t\t\t\t\t<\/div>\n\t\t\t\t<\/div>\n\t\t\t\t\t<\/div>\n\t\t<\/div>\n\t\t\t\t<div class=\"elementor-column elementor-col-50 elementor-top-column elementor-element elementor-element-54c629d\" data-id=\"54c629d\" data-element_type=\"column\" data-e-type=\"column\">\n\t\t\t<div class=\"elementor-widget-wrap elementor-element-populated\">\n\t\t\t\t\t\t<div class=\"elementor-element elementor-element-934f7b7 elementor-widget elementor-widget-toggle\" data-id=\"934f7b7\" data-element_type=\"widget\" data-e-type=\"widget\" data-widget_type=\"toggle.default\">\n\t\t\t\t<div class=\"elementor-widget-container\">\n\t\t\t\t\t\t\t<div class=\"elementor-toggle\">\n\t\t\t\t\t\t\t<div class=\"elementor-toggle-item\">\n\t\t\t\t\t<div id=\"elementor-tab-title-1541\" class=\"elementor-tab-title\" data-tab=\"1\" role=\"button\" aria-controls=\"elementor-tab-content-1541\" aria-expanded=\"false\">\n\t\t\t\t\t\t\t\t\t\t\t\t<span class=\"elementor-toggle-icon elementor-toggle-icon-left\" aria-hidden=\"true\">\n\t\t\t\t\t\t\t\t\t\t\t\t\t\t\t<span class=\"elementor-toggle-icon-closed\"><i class=\"fas fa-caret-right\"><\/i><\/span>\n\t\t\t\t\t\t\t\t<span class=\"elementor-toggle-icon-opened\"><i class=\"elementor-toggle-icon-opened fas fa-caret-up\"><\/i><\/span>\n\t\t\t\t\t\t\t\t\t\t\t\t\t<\/span>\n\t\t\t\t\t\t\t\t\t\t\t\t<a class=\"elementor-toggle-title\" tabindex=\"0\">Vegetable side dishes<\/a>\n\t\t\t\t\t<\/div>\n\n\t\t\t\t\t<div id=\"elementor-tab-content-1541\" class=\"elementor-tab-content elementor-clearfix\" data-tab=\"1\" role=\"region\" aria-labelledby=\"elementor-tab-title-1541\"><ul><li>Artischockencassoulet<\/li><li>Asiagem\u00fcse<\/li><li>Bayrisch Kraut<\/li><li>Bohnencassoulet<\/li><li>Fenchel<\/li><li>Gem\u00fcseauswahl vom Markt<\/li><li>Kichererbsen<\/li><li>Kohlrabi<\/li><li>K\u00fcrbis<\/li><li>Linsen<\/li><li>Mangold<\/li><li>mediterranes<\/li><li>Gem\u00fcse<\/li><li>Pak Choi<\/li><li>pikante<\/li><li>S\u00fc\u00dfkartoffeln<\/li><li>Rahmwirsing<\/li><li>Ratatouille<\/li><li>Rotkohl<\/li><li>Sauerkraut<\/li><li>Schmorgurken<\/li><li>Spinat<\/li><li>Spitzkohl<\/li><li>Sprossengem\u00fcse<\/li><li>Tomanten-Lauch-Gem\u00fcse<\/li><li>Topinamburragout<\/li><li>Zucchini<\/li><\/ul><\/div>\n\t\t\t\t<\/div>\n\t\t\t\t\t\t\t<div class=\"elementor-toggle-item\">\n\t\t\t\t\t<div id=\"elementor-tab-title-1542\" class=\"elementor-tab-title\" data-tab=\"2\" role=\"button\" aria-controls=\"elementor-tab-content-1542\" aria-expanded=\"false\">\n\t\t\t\t\t\t\t\t\t\t\t\t<span class=\"elementor-toggle-icon elementor-toggle-icon-left\" aria-hidden=\"true\">\n\t\t\t\t\t\t\t\t\t\t\t\t\t\t\t<span class=\"elementor-toggle-icon-closed\"><i class=\"fas fa-caret-right\"><\/i><\/span>\n\t\t\t\t\t\t\t\t<span class=\"elementor-toggle-icon-opened\"><i class=\"elementor-toggle-icon-opened fas fa-caret-up\"><\/i><\/span>\n\t\t\t\t\t\t\t\t\t\t\t\t\t<\/span>\n\t\t\t\t\t\t\t\t\t\t\t\t<a class=\"elementor-toggle-title\" tabindex=\"0\">Potato, pasta or rice side dishes<\/a>\n\t\t\t\t\t<\/div>\n\n\t\t\t\t\t<div id=\"elementor-tab-content-1542\" class=\"elementor-tab-content elementor-clearfix\" data-tab=\"2\" role=\"region\" aria-labelledby=\"elementor-tab-title-1542\"><ul><li>Kr\u00e4uterkartoffeln<\/li><li>Kartoffelp\u00fcree<\/li><li>R\u00f6sti<\/li><li>Kartoffelgratin<\/li><li>Stampfkartoffeln<\/li><li>Gnocchi<\/li><li>Schupfnudeln<\/li><li>Kartoffelpl\u00e4tzchen<\/li><li>Kartoffelsouffl\u00e9<\/li><li>Kartoffel-Paprika-<\/li><li>Roulade<\/li><li>Basmatireis<\/li><li>Reispl\u00e4tzchen<\/li><li>Gerstenrisotto<\/li><li>Serviettenkn\u00f6del<\/li><li>Kartoffelkl\u00f6\u00dfe<\/li><li>Semmelkn\u00f6del<\/li><li>Cremige Polenta<\/li><li>Gebratene Polenta<\/li><li>Nudeln<\/li><li>Sp\u00e4tzle<\/li><li>Kn\u00f6pfle<\/li><\/ul><\/div>\n\t\t\t\t<\/div>\n\t\t\t\t\t\t\t<div class=\"elementor-toggle-item\">\n\t\t\t\t\t<div id=\"elementor-tab-title-1543\" class=\"elementor-tab-title\" data-tab=\"3\" role=\"button\" aria-controls=\"elementor-tab-content-1543\" aria-expanded=\"false\">\n\t\t\t\t\t\t\t\t\t\t\t\t<span class=\"elementor-toggle-icon elementor-toggle-icon-left\" aria-hidden=\"true\">\n\t\t\t\t\t\t\t\t\t\t\t\t\t\t\t<span class=\"elementor-toggle-icon-closed\"><i class=\"fas fa-caret-right\"><\/i><\/span>\n\t\t\t\t\t\t\t\t<span class=\"elementor-toggle-icon-opened\"><i class=\"elementor-toggle-icon-opened fas fa-caret-up\"><\/i><\/span>\n\t\t\t\t\t\t\t\t\t\t\t\t\t<\/span>\n\t\t\t\t\t\t\t\t\t\t\t\t<a class=\"elementor-toggle-title\" tabindex=\"0\">Vegetarian<\/a>\n\t\t\t\t\t<\/div>\n\n\t\t\t\t\t<div id=\"elementor-tab-content-1543\" class=\"elementor-tab-content elementor-clearfix\" data-tab=\"3\" role=\"region\" aria-labelledby=\"elementor-tab-title-1543\"><ul><li>Diverse Nudelgerichte<\/li><li>Fr\u00fchlingsrollen<\/li><li>Gebackenes Gem\u00fcse<\/li><li>Gebackene Gem\u00fcse-Reisb\u00e4llchen<\/li><li>Gebackener Ziegenfrischk\u00e4se<\/li><li>Gef\u00fclltes Gem\u00fcse<\/li><li>Gem\u00fcse Cous-Cous<\/li><li>Gem\u00fcsekuchen<\/li><li>Gem\u00fcselasagne<\/li><li>Gem\u00fcser\u00f6sti<\/li><li>Gerstoni-Gem\u00fcse-Risotto<\/li><li>Lauch-Quiche<\/li><li>Pfifferlinggnocchi<\/li><li>Pilz-Risotto<\/li><li>Quinoa<\/li><li>Sellerieschnitzel<\/li><li>S\u00fc\u00dfkartoffelauflauf<\/li><li>Tofu-Gem\u00fcse-Wok<\/li><li>Wirsing-Gerstoni-Roulade<\/li><\/ul><\/div>\n\t\t\t\t<\/div>\n\t\t\t\t\t\t\t<div class=\"elementor-toggle-item\">\n\t\t\t\t\t<div id=\"elementor-tab-title-1544\" class=\"elementor-tab-title\" data-tab=\"4\" role=\"button\" aria-controls=\"elementor-tab-content-1544\" aria-expanded=\"false\">\n\t\t\t\t\t\t\t\t\t\t\t\t<span class=\"elementor-toggle-icon elementor-toggle-icon-left\" aria-hidden=\"true\">\n\t\t\t\t\t\t\t\t\t\t\t\t\t\t\t<span class=\"elementor-toggle-icon-closed\"><i class=\"fas fa-caret-right\"><\/i><\/span>\n\t\t\t\t\t\t\t\t<span class=\"elementor-toggle-icon-opened\"><i class=\"elementor-toggle-icon-opened fas fa-caret-up\"><\/i><\/span>\n\t\t\t\t\t\t\t\t\t\t\t\t\t<\/span>\n\t\t\t\t\t\t\t\t\t\t\t\t<a class=\"elementor-toggle-title\" tabindex=\"0\">Desserts<\/a>\n\t\t\t\t\t<\/div>\n\n\t\t\t\t\t<div id=\"elementor-tab-content-1544\" class=\"elementor-tab-content elementor-clearfix\" data-tab=\"4\" role=\"region\" aria-labelledby=\"elementor-tab-title-1544\"><p>Armer Ritter mit Vanillesauce<br \/>Bayrisch Creme mit Himbeermark<br \/>Birnen-Nougat-Tarte<br \/>Brownies<br \/>Cr\u00e9me Br\u00fbl\u00e9e<br \/>Eisbombe mit \u201eFeuerwerk\u201c<br \/>Eis nach Wahl<br \/>Erdnuss-Mascarpone-T\u00f6rtchen<br \/>Exotisches Fruchtmousse<br \/>Frische Fr\u00fcchte der Saison<br \/>Fruchtsorbets<br \/>Fruchtterrine<br \/>Gebackene Fr\u00fcchte<br \/>Gerstenflammerie<br \/>Gratinierte Ananas<br \/>Hann\u00f6versche Welfenspeise<br \/>Joghurt-Beerent\u00f6rtchen<br \/>K\u00e4seauswahl mit Brot und Butter<br \/>Mousse au chocolat<br \/>Orangenmousse<br \/>Panna Cotta<br \/>Pralinenmousse<br \/>Rote Gr\u00fctze mit Vanillesauce<br \/>Saisonales Fruchtmousse<br \/>Schokoladenterrine<br \/>Schokoladent\u00f6rtchen<br \/>Tiramisu<br \/>Warmer Apfelstrudel mit Vanilleeis<br \/>Zitronentarte<\/p><\/div>\n\t\t\t\t<\/div>\n\t\t\t\t\t\t\t\t<\/div>\n\t\t\t\t\t\t<\/div>\n\t\t\t\t<\/div>\n\t\t\t\t\t<\/div>\n\t\t<\/div>\n\t\t\t\t\t<\/div>\n\t\t<\/section>\n\t\t\t\t<\/div>","protected":false},"excerpt":{"rendered":"<p>Buffetauswahl Vorschl\u00e4ge f\u00fcr Ihr individuelles Buffet Kalte Speisen B\u00fcsumer Krabbencocktail R\u00e4ucherfischauswahl Sashimi Thunfisch Garnelensalat Medaillons und Tatar vom Lachs Meeresfr\u00fcchtesalat mit Avocado Variation vom Hering Terrine von Fisch und Krustentieren gebratene Garnelen marinierte Fischfilets Thunfischsalat mit gr\u00fcnen Bohnen und Oliven Garnierte Medaillons vom Schwein, Rind und Pute Saisonale S\u00fclzen und Terrinen Rindertatar Ger\u00e4ucherte Entenbrust Marinierter [&hellip;]<\/p>\n","protected":false},"author":1,"featured_media":0,"parent":3269,"menu_order":0,"comment_status":"closed","ping_status":"closed","template":"","meta":{"site-sidebar-layout":"no-sidebar","site-content-layout":"page-builder","ast-site-content-layout":"default","site-content-style":"default","site-sidebar-style":"default","ast-global-header-display":"","ast-banner-title-visibility":"","ast-main-header-display":"","ast-hfb-above-header-display":"","ast-hfb-below-header-display":"","ast-hfb-mobile-header-display":"","site-post-title":"disabled","ast-breadcrumbs-content":"","ast-featured-img":"disabled","footer-sml-layout":"","ast-disable-related-posts":"","theme-transparent-header-meta":"default","adv-header-id-meta":"","stick-header-meta":"default","header-above-stick-meta":"","header-main-stick-meta":"","header-below-stick-meta":"","astra-migrate-meta-layouts":"default","ast-page-background-enabled":"default","ast-page-background-meta":{"desktop":{"background-color":"","background-image":"","background-repeat":"repeat","background-position":"center center","background-size":"auto","background-attachment":"scroll","background-type":"","background-media":"","overlay-type":"","overlay-color":"","overlay-opacity":"","overlay-gradient":""},"tablet":{"background-color":"","background-image":"","background-repeat":"repeat","background-position":"center center","background-size":"auto","background-attachment":"scroll","background-type":"","background-media":"","overlay-type":"","overlay-color":"","overlay-opacity":"","overlay-gradient":""},"mobile":{"background-color":"","background-image":"","background-repeat":"repeat","background-position":"center center","background-size":"auto","background-attachment":"scroll","background-type":"","background-media":"","overlay-type":"","overlay-color":"","overlay-opacity":"","overlay-gradient":""}},"ast-content-background-meta":{"desktop":{"background-color":"var(--ast-global-color-5)","background-image":"","background-repeat":"repeat","background-position":"center center","background-size":"auto","background-attachment":"scroll","background-type":"","background-media":"","overlay-type":"","overlay-color":"","overlay-opacity":"","overlay-gradient":""},"tablet":{"background-color":"var(--ast-global-color-5)","background-image":"","background-repeat":"repeat","background-position":"center center","background-size":"auto","background-attachment":"scroll","background-type":"","background-media":"","overlay-type":"","overlay-color":"","overlay-opacity":"","overlay-gradient":""},"mobile":{"background-color":"var(--ast-global-color-5)","background-image":"","background-repeat":"repeat","background-position":"center center","background-size":"auto","background-attachment":"scroll","background-type":"","background-media":"","overlay-type":"","overlay-color":"","overlay-opacity":"","overlay-gradient":""}},"footnotes":""},"class_list":["post-3308","page","type-page","status-publish","hentry"],"_links":{"self":[{"href":"https:\/\/schaumburger-ritter.de\/en\/wp-json\/wp\/v2\/pages\/3308","targetHints":{"allow":["GET"]}}],"collection":[{"href":"https:\/\/schaumburger-ritter.de\/en\/wp-json\/wp\/v2\/pages"}],"about":[{"href":"https:\/\/schaumburger-ritter.de\/en\/wp-json\/wp\/v2\/types\/page"}],"author":[{"embeddable":true,"href":"https:\/\/schaumburger-ritter.de\/en\/wp-json\/wp\/v2\/users\/1"}],"replies":[{"embeddable":true,"href":"https:\/\/schaumburger-ritter.de\/en\/wp-json\/wp\/v2\/comments?post=3308"}],"version-history":[{"count":0,"href":"https:\/\/schaumburger-ritter.de\/en\/wp-json\/wp\/v2\/pages\/3308\/revisions"}],"up":[{"embeddable":true,"href":"https:\/\/schaumburger-ritter.de\/en\/wp-json\/wp\/v2\/pages\/3269"}],"wp:attachment":[{"href":"https:\/\/schaumburger-ritter.de\/en\/wp-json\/wp\/v2\/media?parent=3308"}],"curies":[{"name":"wp","href":"https:\/\/api.w.org\/{rel}","templated":true}]}}