{"id":3438,"date":"2021-07-19T20:40:26","date_gmt":"2021-07-19T18:40:26","guid":{"rendered":"http:\/\/schaumburger.hatdiebesteagentur.de\/?page_id=3438"},"modified":"2024-11-26T20:05:01","modified_gmt":"2024-11-26T19:05:01","slug":"schoenes-weserbergland","status":"publish","type":"page","link":"https:\/\/schaumburger-ritter.de\/en\/freizeit\/schoenes-weserbergland\/","title":{"rendered":"Beautiful Weserbergland"},"content":{"rendered":"<div data-elementor-type=\"wp-post\" data-elementor-id=\"3438\" class=\"elementor elementor-3438\" data-elementor-post-type=\"page\">\n\t\t\t\t\t\t<section data-particle_enable=\"false\" data-particle-mobile-disabled=\"false\" class=\"elementor-section elementor-top-section elementor-element elementor-element-eb5857f elementor-section-stretched elementor-section-height-min-height elementor-section-boxed elementor-section-height-default elementor-section-items-middle\" data-id=\"eb5857f\" data-element_type=\"section\" data-e-type=\"section\" data-settings=\"{&quot;stretch_section&quot;:&quot;section-stretched&quot;,&quot;background_background&quot;:&quot;classic&quot;}\">\n\t\t\t\t\t\t\t<div class=\"elementor-background-overlay\"><\/div>\n\t\t\t\t\t\t\t<div class=\"elementor-container elementor-column-gap-default\">\n\t\t\t\t\t<div class=\"elementor-column elementor-col-100 elementor-top-column elementor-element elementor-element-282baf7\" data-id=\"282baf7\" data-element_type=\"column\" data-e-type=\"column\">\n\t\t\t<div class=\"elementor-widget-wrap elementor-element-populated\">\n\t\t\t\t\t\t<div class=\"elementor-element elementor-element-cbce4a1 elementor-widget elementor-widget-heading\" data-id=\"cbce4a1\" data-element_type=\"widget\" data-e-type=\"widget\" data-widget_type=\"heading.default\">\n\t\t\t\t<div class=\"elementor-widget-container\">\n\t\t\t\t\t<h1 class=\"elementor-heading-title elementor-size-default\">Beautiful Weserbergland<\/h1>\t\t\t\t<\/div>\n\t\t\t\t<\/div>\n\t\t\t\t\t<\/div>\n\t\t<\/div>\n\t\t\t\t\t<\/div>\n\t\t<\/section>\n\t\t\t\t<section data-particle_enable=\"false\" data-particle-mobile-disabled=\"false\" class=\"elementor-section elementor-top-section elementor-element elementor-element-c088b6d elementor-section-boxed elementor-section-height-default elementor-section-height-default\" data-id=\"c088b6d\" data-element_type=\"section\" data-e-type=\"section\">\n\t\t\t\t\t\t<div class=\"elementor-container elementor-column-gap-default\">\n\t\t\t\t\t<div class=\"elementor-column elementor-col-100 elementor-top-column elementor-element elementor-element-ae095e9\" data-id=\"ae095e9\" data-element_type=\"column\" data-e-type=\"column\">\n\t\t\t<div class=\"elementor-widget-wrap elementor-element-populated\">\n\t\t\t\t\t\t<div class=\"elementor-element elementor-element-526672b elementor-widget elementor-widget-spacer\" data-id=\"526672b\" data-element_type=\"widget\" data-e-type=\"widget\" data-widget_type=\"spacer.default\">\n\t\t\t\t<div class=\"elementor-widget-container\">\n\t\t\t\t\t\t\t<div class=\"elementor-spacer\">\n\t\t\t<div class=\"elementor-spacer-inner\"><\/div>\n\t\t<\/div>\n\t\t\t\t\t\t<\/div>\n\t\t\t\t<\/div>\n\t\t\t\t<div class=\"elementor-element elementor-element-23430c9 elementor-widget elementor-widget-heading\" data-id=\"23430c9\" data-element_type=\"widget\" data-e-type=\"widget\" data-widget_type=\"heading.default\">\n\t\t\t\t<div class=\"elementor-widget-container\">\n\t\t\t\t\t<h4 class=\"elementor-heading-title elementor-size-default\">Your vacation in the beautiful Weser Uplands<\/h4>\t\t\t\t<\/div>\n\t\t\t\t<\/div>\n\t\t\t\t<div class=\"elementor-element elementor-element-751838c elementor-widget elementor-widget-heading\" data-id=\"751838c\" data-element_type=\"widget\" data-e-type=\"widget\" data-widget_type=\"heading.default\">\n\t\t\t\t<div class=\"elementor-widget-container\">\n\t\t\t\t\t<h1 class=\"elementor-heading-title elementor-size-default\">you will definitely keep in good memory<\/h1>\t\t\t\t<\/div>\n\t\t\t\t<\/div>\n\t\t\t\t<div class=\"elementor-element elementor-element-b7aa2cd elementor-widget elementor-widget-text-editor\" data-id=\"b7aa2cd\" data-element_type=\"widget\" data-e-type=\"widget\" data-widget_type=\"text-editor.default\">\n\t\t\t\t<div class=\"elementor-widget-container\">\n\t\t\t\t\t\t\t\t\t<p style=\"text-align: center;\">Discover this varied holiday area by&nbsp;<a title=\"ship\" href=\"http:\/\/www.flotte-weser.de\/\" target=\"_blank\" rel=\"noopener noreferrer\">ship<\/a>, Canoe, bike, bus, car,&nbsp;<a href=\"http:\/\/draisinen.de\/\" target=\"_blank\" rel=\"noopener noreferrer\">Draisine<\/a>&nbsp;or on&nbsp;<a href=\"http:\/\/www.westliches-weserbergland.de\/de\/tourenuebersicht-1\/#\/de\/westliches-weserbergland_neu\/default\/search\/Tour\/all:all%20-category:radfahren\/view:gallery\" target=\"_blank\" rel=\"alternate noopener noreferrer\">Shoemaker's black horse<\/a>&nbsp;on the&nbsp;<a title=\"Quality hiking trails\" href=\"http:\/\/www.wanderbares-deutschland.de\/wanderwege\/wanderwege-karte.html#28\" target=\"_blank\" rel=\"noopener noreferrer\">Quality hiking trails<\/a>&nbsp;im Weserbergland. Die Weser, der Fluss der einer ganzen Region den Namen verleiht, schl\u00e4ngelt sich durch das&nbsp;<a title=\"Weserbergland-Tourismus\" href=\"http:\/\/www.weserbergland-tourismus.de\/aktivurlaub\/index.php\" target=\"_blank\" rel=\"noopener noreferrer\">Weser Uplands<\/a>. The organized&nbsp;<a href=\"http:\/\/growi-kanu.de\/\" target=\"_blank\" rel=\"noopener noreferrer\">Canoe tours<\/a>&nbsp;conveniently go downstream - sporty and yet not too strenuous.<\/p>\t\t\t\t\t\t\t\t<\/div>\n\t\t\t\t<\/div>\n\t\t\t\t\t<\/div>\n\t\t<\/div>\n\t\t\t\t\t<\/div>\n\t\t<\/section>\n\t\t\t\t<section data-particle_enable=\"false\" data-particle-mobile-disabled=\"false\" class=\"elementor-section elementor-top-section elementor-element elementor-element-0de2943 elementor-section-boxed elementor-section-height-default elementor-section-height-default\" data-id=\"0de2943\" data-element_type=\"section\" data-e-type=\"section\">\n\t\t\t\t\t\t<div class=\"elementor-container elementor-column-gap-default\">\n\t\t\t\t\t<div class=\"elementor-column elementor-col-100 elementor-top-column elementor-element elementor-element-32dd4a9\" data-id=\"32dd4a9\" data-element_type=\"column\" data-e-type=\"column\" data-settings=\"{&quot;background_background&quot;:&quot;classic&quot;}\">\n\t\t\t<div class=\"elementor-widget-wrap elementor-element-populated\">\n\t\t\t\t\t\t<div class=\"elementor-element elementor-element-3f531fe elementor-widget elementor-widget-heading\" data-id=\"3f531fe\" data-element_type=\"widget\" data-e-type=\"widget\" data-widget_type=\"heading.default\">\n\t\t\t\t<div class=\"elementor-widget-container\">\n\t\t\t\t\t<h2 class=\"elementor-heading-title elementor-size-default\">Experience beautiful nature in Germany<\/h2>\t\t\t\t<\/div>\n\t\t\t\t<\/div>\n\t\t\t\t<div class=\"elementor-element elementor-element-8313f16 elementor-widget elementor-widget-text-editor\" data-id=\"8313f16\" data-element_type=\"widget\" data-e-type=\"widget\" data-widget_type=\"text-editor.default\">\n\t\t\t\t<div class=\"elementor-widget-container\">\n\t\t\t\t\t\t\t\t\t<p>The\u00a0<a href=\"http:\/\/weser-radweg.de\/de\/index.php?auswahl=0\" target=\"_blank\" rel=\"noopener noreferrer\">Weser cycle path<\/a>\u00a0is one of the most popular bike paths in Germany. The eventful bike tour leads over 475 kilometers from Hannoversch-M\u00fcnden to Cuxhaven. Numerous historic half-timbered towns as well as fascinating castles and palaces can be admired on the route.<\/p><p>Golf enthusiasts can choose from more than 10 attractive golf courses of various levels of difficulty in the vicinity. The exhibitions \"<a href=\"http:\/\/www.landpartie-schloss-bueckeburg.de\/\" target=\"_blank\" rel=\"noopener noreferrer\">Country party<\/a>\" and \"<a href=\"http:\/\/www.weihnachtszauber-schloss-bueckeburg.de\/\" target=\"_blank\" rel=\"noopener noreferrer\">Christmas magic<\/a>\u201cIn the B\u00fcckeburg Castle and the events in the\u00a0<a href=\"http:\/\/www.hannover.de\/herrenhausen\/gaerten\/index.html\" target=\"_blank\" rel=\"noopener noreferrer\">Herrenhausen Gardens<\/a>\u00a0in Hannover.<\/p><p>Whether it's a \u201cCastle Tour\u201d, \u201cTables like the Knights\u201d, \u201cFairytale Tour\u201d or \u201cRomantic Days\u201d - we have put together a selection of attractive arrangements for you from which you can choose to your heart's content.<\/p><p>Of course, we would also be happy to put together your own personal experience package for you.<\/p><p>The time you spend here can be enjoyed in many ways.<\/p>\t\t\t\t\t\t\t\t<\/div>\n\t\t\t\t<\/div>\n\t\t\t\t\t<\/div>\n\t\t<\/div>\n\t\t\t\t\t<\/div>\n\t\t<\/section>\n\t\t\t\t<section data-particle_enable=\"false\" data-particle-mobile-disabled=\"false\" class=\"elementor-section elementor-top-section elementor-element elementor-element-a9c2c11 elementor-section-boxed elementor-section-height-default elementor-section-height-default\" data-id=\"a9c2c11\" data-element_type=\"section\" data-e-type=\"section\">\n\t\t\t\t\t\t<div class=\"elementor-container elementor-column-gap-default\">\n\t\t\t\t\t<div class=\"elementor-column elementor-col-100 elementor-top-column elementor-element elementor-element-e6e7a6d\" data-id=\"e6e7a6d\" data-element_type=\"column\" data-e-type=\"column\">\n\t\t\t<div class=\"elementor-widget-wrap elementor-element-populated\">\n\t\t\t\t\t\t<div class=\"elementor-element elementor-element-f3eecf7 elementor-widget elementor-widget-spacer\" data-id=\"f3eecf7\" data-element_type=\"widget\" data-e-type=\"widget\" data-widget_type=\"spacer.default\">\n\t\t\t\t<div class=\"elementor-widget-container\">\n\t\t\t\t\t\t\t<div class=\"elementor-spacer\">\n\t\t\t<div class=\"elementor-spacer-inner\"><\/div>\n\t\t<\/div>\n\t\t\t\t\t\t<\/div>\n\t\t\t\t<\/div>\n\t\t\t\t\t<\/div>\n\t\t<\/div>\n\t\t\t\t\t<\/div>\n\t\t<\/section>\n\t\t\t\t<\/div>","protected":false},"excerpt":{"rendered":"<p>Sch\u00f6nes Weserbergland Ihren Urlaub im sch\u00f6nen Weserbergland Werden Sie bestimmt in guter Erinnerung behalten Entdecken Sie dieses abwechslungsreiche Feriengebiet per&nbsp;Schiff, Kanu, Fahrrad, Bus, Pkw,&nbsp;Draisine&nbsp;oder auf&nbsp;Schusters Rappen&nbsp;auf den&nbsp;Qualit\u00e4tswanderwegen&nbsp;im Weserbergland. Die Weser, der Fluss der einer ganzen Region den Namen verleiht, schl\u00e4ngelt sich durch das&nbsp;Weserbergland. Die organisierten&nbsp;Kanutouren&nbsp;gehen bequemerweise flussabw\u00e4rts &#8211; sportlich und doch nicht zu anstrengend. Wundersch\u00f6ne [&hellip;]<\/p>\n","protected":false},"author":1,"featured_media":0,"parent":3436,"menu_order":0,"comment_status":"closed","ping_status":"closed","template":"","meta":{"site-sidebar-layout":"no-sidebar","site-content-layout":"page-builder","ast-site-content-layout":"default","site-content-style":"default","site-sidebar-style":"default","ast-global-header-display":"","ast-banner-title-visibility":"","ast-main-header-display":"","ast-hfb-above-header-display":"","ast-hfb-below-header-display":"","ast-hfb-mobile-header-display":"","site-post-title":"disabled","ast-breadcrumbs-content":"","ast-featured-img":"disabled","footer-sml-layout":"","ast-disable-related-posts":"","theme-transparent-header-meta":"default","adv-header-id-meta":"","stick-header-meta":"default","header-above-stick-meta":"","header-main-stick-meta":"","header-below-stick-meta":"","astra-migrate-meta-layouts":"default","ast-page-background-enabled":"default","ast-page-background-meta":{"desktop":{"background-color":"","background-image":"","background-repeat":"repeat","background-position":"center center","background-size":"auto","background-attachment":"scroll","background-type":"","background-media":"","overlay-type":"","overlay-color":"","overlay-opacity":"","overlay-gradient":""},"tablet":{"background-color":"","background-image":"","background-repeat":"repeat","background-position":"center center","background-size":"auto","background-attachment":"scroll","background-type":"","background-media":"","overlay-type":"","overlay-color":"","overlay-opacity":"","overlay-gradient":""},"mobile":{"background-color":"","background-image":"","background-repeat":"repeat","background-position":"center center","background-size":"auto","background-attachment":"scroll","background-type":"","background-media":"","overlay-type":"","overlay-color":"","overlay-opacity":"","overlay-gradient":""}},"ast-content-background-meta":{"desktop":{"background-color":"var(--ast-global-color-5)","background-image":"","background-repeat":"repeat","background-position":"center center","background-size":"auto","background-attachment":"scroll","background-type":"","background-media":"","overlay-type":"","overlay-color":"","overlay-opacity":"","overlay-gradient":""},"tablet":{"background-color":"var(--ast-global-color-5)","background-image":"","background-repeat":"repeat","background-position":"center center","background-size":"auto","background-attachment":"scroll","background-type":"","background-media":"","overlay-type":"","overlay-color":"","overlay-opacity":"","overlay-gradient":""},"mobile":{"background-color":"var(--ast-global-color-5)","background-image":"","background-repeat":"repeat","background-position":"center center","background-size":"auto","background-attachment":"scroll","background-type":"","background-media":"","overlay-type":"","overlay-color":"","overlay-opacity":"","overlay-gradient":""}},"footnotes":""},"class_list":["post-3438","page","type-page","status-publish","hentry"],"_links":{"self":[{"href":"https:\/\/schaumburger-ritter.de\/en\/wp-json\/wp\/v2\/pages\/3438","targetHints":{"allow":["GET"]}}],"collection":[{"href":"https:\/\/schaumburger-ritter.de\/en\/wp-json\/wp\/v2\/pages"}],"about":[{"href":"https:\/\/schaumburger-ritter.de\/en\/wp-json\/wp\/v2\/types\/page"}],"author":[{"embeddable":true,"href":"https:\/\/schaumburger-ritter.de\/en\/wp-json\/wp\/v2\/users\/1"}],"replies":[{"embeddable":true,"href":"https:\/\/schaumburger-ritter.de\/en\/wp-json\/wp\/v2\/comments?post=3438"}],"version-history":[{"count":3,"href":"https:\/\/schaumburger-ritter.de\/en\/wp-json\/wp\/v2\/pages\/3438\/revisions"}],"predecessor-version":[{"id":7466,"href":"https:\/\/schaumburger-ritter.de\/en\/wp-json\/wp\/v2\/pages\/3438\/revisions\/7466"}],"up":[{"embeddable":true,"href":"https:\/\/schaumburger-ritter.de\/en\/wp-json\/wp\/v2\/pages\/3436"}],"wp:attachment":[{"href":"https:\/\/schaumburger-ritter.de\/en\/wp-json\/wp\/v2\/media?parent=3438"}],"curies":[{"name":"wp","href":"https:\/\/api.w.org\/{rel}","templated":true}]}}