{"id":3825,"date":"2021-08-25T02:10:18","date_gmt":"2021-08-25T00:10:18","guid":{"rendered":"http:\/\/schaumburger.hatdiebesteagentur.de\/?page_id=3825"},"modified":"2021-12-22T23:04:50","modified_gmt":"2021-12-22T22:04:50","slug":"sendung","status":"publish","type":"page","link":"https:\/\/schaumburger-ritter.de\/en\/sendung\/","title":{"rendered":"Mein Lokal Dein Lokal"},"content":{"rendered":"<div data-elementor-type=\"wp-page\" data-elementor-id=\"3825\" class=\"elementor elementor-3825\" data-elementor-post-type=\"page\">\n\t\t\t\t\t\t<section data-particle_enable=\"false\" data-particle-mobile-disabled=\"false\" class=\"elementor-section elementor-top-section elementor-element elementor-element-4cc65bd6 elementor-section-stretched elementor-section-height-min-height elementor-section-boxed elementor-section-height-default elementor-section-items-middle\" data-id=\"4cc65bd6\" data-element_type=\"section\" data-e-type=\"section\" data-settings=\"{&quot;stretch_section&quot;:&quot;section-stretched&quot;,&quot;background_background&quot;:&quot;classic&quot;}\">\n\t\t\t\t\t\t\t<div class=\"elementor-background-overlay\"><\/div>\n\t\t\t\t\t\t\t<div class=\"elementor-container elementor-column-gap-default\">\n\t\t\t\t\t<div class=\"elementor-column elementor-col-100 elementor-top-column elementor-element elementor-element-2973f4ef\" data-id=\"2973f4ef\" data-element_type=\"column\" data-e-type=\"column\">\n\t\t\t<div class=\"elementor-widget-wrap elementor-element-populated\">\n\t\t\t\t\t\t<div class=\"elementor-element elementor-element-42c879c0 elementor-widget elementor-widget-heading\" data-id=\"42c879c0\" data-element_type=\"widget\" data-e-type=\"widget\" data-widget_type=\"heading.default\">\n\t\t\t\t<div class=\"elementor-widget-container\">\n\t\t\t\t\t<h1 class=\"elementor-heading-title elementor-size-default\">My local, your local<\/h1>\t\t\t\t<\/div>\n\t\t\t\t<\/div>\n\t\t\t\t\t<\/div>\n\t\t<\/div>\n\t\t\t\t\t<\/div>\n\t\t<\/section>\n\t\t\t\t<section data-particle_enable=\"false\" data-particle-mobile-disabled=\"false\" class=\"elementor-section elementor-top-section elementor-element elementor-element-7e866ee elementor-section-boxed elementor-section-height-default elementor-section-height-default\" data-id=\"7e866ee\" data-element_type=\"section\" data-e-type=\"section\">\n\t\t\t\t\t\t<div class=\"elementor-container elementor-column-gap-default\">\n\t\t\t\t\t<div class=\"elementor-column elementor-col-100 elementor-top-column elementor-element elementor-element-5707dc7\" data-id=\"5707dc7\" data-element_type=\"column\" data-e-type=\"column\">\n\t\t\t<div class=\"elementor-widget-wrap elementor-element-populated\">\n\t\t\t\t\t\t<div class=\"elementor-element elementor-element-49f1b6c elementor-widget elementor-widget-text-editor\" data-id=\"49f1b6c\" data-element_type=\"widget\" data-e-type=\"widget\" data-widget_type=\"text-editor.default\">\n\t\t\t\t<div class=\"elementor-widget-container\">\n\t\t\t\t\t\t\t\t\t<p>We are happy about our joint victory at Mein Lokal, your local. Many thanks to our whole team, the mega film crew and of course to Mike S\u00fcsser. Not to forget the competitors for scoring! It was a great week, a cool show, we are happy to have met you all! Many thanks also to the incredibly many congratulations! See you soon!<\/p>\t\t\t\t\t\t\t\t<\/div>\n\t\t\t\t<\/div>\n\t\t\t\t<div class=\"elementor-element elementor-element-7f7b1c9 elementor-widget elementor-widget-video\" data-id=\"7f7b1c9\" data-element_type=\"widget\" data-e-type=\"widget\" data-settings=\"{&quot;youtube_url&quot;:&quot;https:\\\/\\\/youtu.be\\\/eLUFxme4U6U&quot;,&quot;video_type&quot;:&quot;youtube&quot;,&quot;controls&quot;:&quot;yes&quot;}\" data-widget_type=\"video.default\">\n\t\t\t\t<div class=\"elementor-widget-container\">\n\t\t\t\t\t\t\t<div class=\"elementor-wrapper elementor-open-inline\">\n\t\t\t<div class=\"elementor-video\"><\/div>\t\t<\/div>\n\t\t\t\t\t\t<\/div>\n\t\t\t\t<\/div>\n\t\t\t\t\t<\/div>\n\t\t<\/div>\n\t\t\t\t\t<\/div>\n\t\t<\/section>\n\t\t\t\t<section data-particle_enable=\"false\" data-particle-mobile-disabled=\"false\" class=\"elementor-section elementor-top-section elementor-element elementor-element-f3239e0 elementor-section-boxed elementor-section-height-default elementor-section-height-default\" data-id=\"f3239e0\" data-element_type=\"section\" data-e-type=\"section\">\n\t\t\t\t\t\t<div class=\"elementor-container elementor-column-gap-default\">\n\t\t\t\t\t<div class=\"elementor-column elementor-col-100 elementor-top-column elementor-element elementor-element-78ef7c3\" data-id=\"78ef7c3\" data-element_type=\"column\" data-e-type=\"column\">\n\t\t\t<div class=\"elementor-widget-wrap elementor-element-populated\">\n\t\t\t\t\t\t<div class=\"elementor-element elementor-element-2c90ce6 elementor-widget elementor-widget-heading\" data-id=\"2c90ce6\" data-element_type=\"widget\" data-e-type=\"widget\" data-widget_type=\"heading.default\">\n\t\t\t\t<div class=\"elementor-widget-container\">\n\t\t\t\t\t<h2 class=\"elementor-heading-title elementor-size-default\">Weitere Folgen der Sendung<\/h2>\t\t\t\t<\/div>\n\t\t\t\t<\/div>\n\t\t\t\t\t<\/div>\n\t\t<\/div>\n\t\t\t\t\t<\/div>\n\t\t<\/section>\n\t\t\t\t<section data-particle_enable=\"false\" data-particle-mobile-disabled=\"false\" class=\"elementor-section elementor-top-section elementor-element elementor-element-21de339 elementor-section-boxed elementor-section-height-default elementor-section-height-default\" data-id=\"21de339\" data-element_type=\"section\" data-e-type=\"section\">\n\t\t\t\t\t\t<div class=\"elementor-container elementor-column-gap-default\">\n\t\t\t\t\t<div class=\"elementor-column elementor-col-25 elementor-top-column elementor-element elementor-element-5edb64f\" data-id=\"5edb64f\" data-element_type=\"column\" data-e-type=\"column\">\n\t\t\t<div class=\"elementor-widget-wrap elementor-element-populated\">\n\t\t\t\t\t\t<div class=\"elementor-element elementor-element-e5127e7 elementor-widget elementor-widget-image\" data-id=\"e5127e7\" data-element_type=\"widget\" data-e-type=\"widget\" data-widget_type=\"image.default\">\n\t\t\t\t<div class=\"elementor-widget-container\">\n\t\t\t\t\t\t\t\t\t\t\t\t\t\t\t\t<a href=\"#elementor-action%3Aaction%3Dpopup%3Aopen%26settings%3DeyJpZCI6IjUzMDUiLCJ0b2dnbGUiOmZhbHNlfQ%3D%3D\">\n\t\t\t\t\t\t\t<img fetchpriority=\"high\" decoding=\"async\" width=\"635\" height=\"356\" src=\"https:\/\/schaumburger-ritter.de\/wp-content\/uploads\/2021\/12\/vid1.jpg\" class=\"attachment-full size-full wp-image-5310\" alt=\"\" srcset=\"https:\/\/schaumburger-ritter.de\/wp-content\/uploads\/2021\/12\/vid1.jpg 635w, https:\/\/schaumburger-ritter.de\/wp-content\/uploads\/2021\/12\/vid1-300x168.jpg 300w, https:\/\/schaumburger-ritter.de\/wp-content\/uploads\/2021\/12\/vid1-18x10.jpg 18w, https:\/\/schaumburger-ritter.de\/wp-content\/uploads\/2021\/12\/vid1-600x336.jpg 600w\" sizes=\"(max-width: 635px) 100vw, 635px\" \/>\t\t\t\t\t\t\t\t<\/a>\n\t\t\t\t\t\t\t\t\t\t\t\t\t\t\t<\/div>\n\t\t\t\t<\/div>\n\t\t\t\t<div class=\"elementor-element elementor-element-bbc629d elementor-widget elementor-widget-heading\" data-id=\"bbc629d\" data-element_type=\"widget\" data-e-type=\"widget\" data-widget_type=\"heading.default\">\n\t\t\t\t<div class=\"elementor-widget-container\">\n\t\t\t\t\t<h4 class=\"elementor-heading-title elementor-size-default\">Folge 1<\/h4>\t\t\t\t<\/div>\n\t\t\t\t<\/div>\n\t\t\t\t<div class=\"elementor-element elementor-element-d7d75af elementor-widget elementor-widget-heading\" data-id=\"d7d75af\" data-element_type=\"widget\" data-e-type=\"widget\" data-widget_type=\"heading.default\">\n\t\t\t\t<div class=\"elementor-widget-container\">\n\t\t\t\t\t<h2 class=\"elementor-heading-title elementor-size-default\">Gallos Kitchen &amp; Friends<\/h2>\t\t\t\t<\/div>\n\t\t\t\t<\/div>\n\t\t\t\t\t<\/div>\n\t\t<\/div>\n\t\t\t\t<div class=\"elementor-column elementor-col-25 elementor-top-column elementor-element elementor-element-6598107\" data-id=\"6598107\" data-element_type=\"column\" data-e-type=\"column\">\n\t\t\t<div class=\"elementor-widget-wrap elementor-element-populated\">\n\t\t\t\t\t\t<div class=\"elementor-element elementor-element-060d92b elementor-widget elementor-widget-image\" data-id=\"060d92b\" data-element_type=\"widget\" data-e-type=\"widget\" data-widget_type=\"image.default\">\n\t\t\t\t<div class=\"elementor-widget-container\">\n\t\t\t\t\t\t\t\t\t\t\t\t\t\t\t\t<a href=\"#elementor-action%3Aaction%3Dpopup%3Aopen%26settings%3DeyJpZCI6IjUzMTgiLCJ0b2dnbGUiOmZhbHNlfQ%3D%3D\">\n\t\t\t\t\t\t\t<img decoding=\"async\" width=\"637\" height=\"356\" src=\"https:\/\/schaumburger-ritter.de\/wp-content\/uploads\/2021\/12\/vid2.jpg\" class=\"attachment-full size-full wp-image-5311\" alt=\"\" srcset=\"https:\/\/schaumburger-ritter.de\/wp-content\/uploads\/2021\/12\/vid2.jpg 637w, https:\/\/schaumburger-ritter.de\/wp-content\/uploads\/2021\/12\/vid2-300x168.jpg 300w, https:\/\/schaumburger-ritter.de\/wp-content\/uploads\/2021\/12\/vid2-18x10.jpg 18w, https:\/\/schaumburger-ritter.de\/wp-content\/uploads\/2021\/12\/vid2-600x335.jpg 600w\" sizes=\"(max-width: 637px) 100vw, 637px\" \/>\t\t\t\t\t\t\t\t<\/a>\n\t\t\t\t\t\t\t\t\t\t\t\t\t\t\t<\/div>\n\t\t\t\t<\/div>\n\t\t\t\t<div class=\"elementor-element elementor-element-b9f0eb5 elementor-widget elementor-widget-heading\" data-id=\"b9f0eb5\" data-element_type=\"widget\" data-e-type=\"widget\" data-widget_type=\"heading.default\">\n\t\t\t\t<div class=\"elementor-widget-container\">\n\t\t\t\t\t<h4 class=\"elementor-heading-title elementor-size-default\">Folge 2<\/h4>\t\t\t\t<\/div>\n\t\t\t\t<\/div>\n\t\t\t\t<div class=\"elementor-element elementor-element-dc378df elementor-widget elementor-widget-heading\" data-id=\"dc378df\" data-element_type=\"widget\" data-e-type=\"widget\" data-widget_type=\"heading.default\">\n\t\t\t\t<div class=\"elementor-widget-container\">\n\t\t\t\t\t<h2 class=\"elementor-heading-title elementor-size-default\">Airfields Restaurant<\/h2>\t\t\t\t<\/div>\n\t\t\t\t<\/div>\n\t\t\t\t\t<\/div>\n\t\t<\/div>\n\t\t\t\t<div class=\"elementor-column elementor-col-25 elementor-top-column elementor-element elementor-element-93d8fb5\" data-id=\"93d8fb5\" data-element_type=\"column\" data-e-type=\"column\">\n\t\t\t<div class=\"elementor-widget-wrap elementor-element-populated\">\n\t\t\t\t\t\t<div class=\"elementor-element elementor-element-b57a61e elementor-widget elementor-widget-image\" data-id=\"b57a61e\" data-element_type=\"widget\" data-e-type=\"widget\" data-widget_type=\"image.default\">\n\t\t\t\t<div class=\"elementor-widget-container\">\n\t\t\t\t\t\t\t\t\t\t\t\t\t\t\t\t<a href=\"#elementor-action%3Aaction%3Dpopup%3Aopen%26settings%3DeyJpZCI6IjUzMjciLCJ0b2dnbGUiOmZhbHNlfQ%3D%3D\">\n\t\t\t\t\t\t\t<img decoding=\"async\" width=\"639\" height=\"356\" src=\"https:\/\/schaumburger-ritter.de\/wp-content\/uploads\/2021\/12\/vid3.jpg\" class=\"attachment-full size-full wp-image-5312\" alt=\"\" srcset=\"https:\/\/schaumburger-ritter.de\/wp-content\/uploads\/2021\/12\/vid3.jpg 639w, https:\/\/schaumburger-ritter.de\/wp-content\/uploads\/2021\/12\/vid3-300x167.jpg 300w, https:\/\/schaumburger-ritter.de\/wp-content\/uploads\/2021\/12\/vid3-18x10.jpg 18w, https:\/\/schaumburger-ritter.de\/wp-content\/uploads\/2021\/12\/vid3-600x334.jpg 600w\" sizes=\"(max-width: 639px) 100vw, 639px\" \/>\t\t\t\t\t\t\t\t<\/a>\n\t\t\t\t\t\t\t\t\t\t\t\t\t\t\t<\/div>\n\t\t\t\t<\/div>\n\t\t\t\t<div class=\"elementor-element elementor-element-c1f2d28 elementor-widget elementor-widget-heading\" data-id=\"c1f2d28\" data-element_type=\"widget\" data-e-type=\"widget\" data-widget_type=\"heading.default\">\n\t\t\t\t<div class=\"elementor-widget-container\">\n\t\t\t\t\t<h4 class=\"elementor-heading-title elementor-size-default\">Folge 3<\/h4>\t\t\t\t<\/div>\n\t\t\t\t<\/div>\n\t\t\t\t<div class=\"elementor-element elementor-element-acdec27 elementor-widget elementor-widget-heading\" data-id=\"acdec27\" data-element_type=\"widget\" data-e-type=\"widget\" data-widget_type=\"heading.default\">\n\t\t\t\t<div class=\"elementor-widget-container\">\n\t\t\t\t\t<h2 class=\"elementor-heading-title elementor-size-default\">Sennh\u00fctte<\/h2>\t\t\t\t<\/div>\n\t\t\t\t<\/div>\n\t\t\t\t\t<\/div>\n\t\t<\/div>\n\t\t\t\t<div class=\"elementor-column elementor-col-25 elementor-top-column elementor-element elementor-element-03cb901\" data-id=\"03cb901\" data-element_type=\"column\" data-e-type=\"column\">\n\t\t\t<div class=\"elementor-widget-wrap elementor-element-populated\">\n\t\t\t\t\t\t<div class=\"elementor-element elementor-element-d0dd751 elementor-widget elementor-widget-image\" data-id=\"d0dd751\" data-element_type=\"widget\" data-e-type=\"widget\" data-widget_type=\"image.default\">\n\t\t\t\t<div class=\"elementor-widget-container\">\n\t\t\t\t\t\t\t\t\t\t\t\t\t\t\t\t<a href=\"#elementor-action%3Aaction%3Dpopup%3Aopen%26settings%3DeyJpZCI6IjUzMzAiLCJ0b2dnbGUiOmZhbHNlfQ%3D%3D\">\n\t\t\t\t\t\t\t<img loading=\"lazy\" decoding=\"async\" width=\"1270\" height=\"696\" src=\"https:\/\/schaumburger-ritter.de\/wp-content\/uploads\/2021\/12\/vid5.jpg\" class=\"attachment-full size-full wp-image-5313\" alt=\"\" srcset=\"https:\/\/schaumburger-ritter.de\/wp-content\/uploads\/2021\/12\/vid5.jpg 1270w, https:\/\/schaumburger-ritter.de\/wp-content\/uploads\/2021\/12\/vid5-300x164.jpg 300w, https:\/\/schaumburger-ritter.de\/wp-content\/uploads\/2021\/12\/vid5-1024x561.jpg 1024w, https:\/\/schaumburger-ritter.de\/wp-content\/uploads\/2021\/12\/vid5-768x421.jpg 768w, https:\/\/schaumburger-ritter.de\/wp-content\/uploads\/2021\/12\/vid5-18x10.jpg 18w, https:\/\/schaumburger-ritter.de\/wp-content\/uploads\/2021\/12\/vid5-600x329.jpg 600w\" sizes=\"(max-width: 1270px) 100vw, 1270px\" \/>\t\t\t\t\t\t\t\t<\/a>\n\t\t\t\t\t\t\t\t\t\t\t\t\t\t\t<\/div>\n\t\t\t\t<\/div>\n\t\t\t\t<div class=\"elementor-element elementor-element-16c5946 elementor-widget elementor-widget-heading\" data-id=\"16c5946\" data-element_type=\"widget\" data-e-type=\"widget\" data-widget_type=\"heading.default\">\n\t\t\t\t<div class=\"elementor-widget-container\">\n\t\t\t\t\t<h4 class=\"elementor-heading-title elementor-size-default\">Folge 5<\/h4>\t\t\t\t<\/div>\n\t\t\t\t<\/div>\n\t\t\t\t<div class=\"elementor-element elementor-element-a58455c elementor-widget elementor-widget-heading\" data-id=\"a58455c\" data-element_type=\"widget\" data-e-type=\"widget\" data-widget_type=\"heading.default\">\n\t\t\t\t<div class=\"elementor-widget-container\">\n\t\t\t\t\t<h2 class=\"elementor-heading-title elementor-size-default\">Restaurant Schultheiss<\/h2>\t\t\t\t<\/div>\n\t\t\t\t<\/div>\n\t\t\t\t\t<\/div>\n\t\t<\/div>\n\t\t\t\t\t<\/div>\n\t\t<\/section>\n\t\t\t\t<\/div>","protected":false},"excerpt":{"rendered":"<p>Mein Lokal, Dein Lokal Wir freuen uns \u00fcber unseren gemeinsamen Sieg bei Mein Lokal, dein Lokal. Vielen Dank an unser ganzes Team, die Mega-Filmcrew und nat\u00fcrlich auch an Mike S\u00fcsser. Nicht zu vergessen die Konkurrenten f\u00fcr die Punktevergabe! Es war eine tolle Woche, eine coole Sendung, wir freuen uns, Euch alle kennengelernt zu haben! Vielen [&hellip;]<\/p>\n","protected":false},"author":1,"featured_media":0,"parent":0,"menu_order":0,"comment_status":"closed","ping_status":"closed","template":"","meta":{"site-sidebar-layout":"no-sidebar","site-content-layout":"page-builder","ast-site-content-layout":"default","site-content-style":"default","site-sidebar-style":"default","ast-global-header-display":"","ast-banner-title-visibility":"","ast-main-header-display":"","ast-hfb-above-header-display":"","ast-hfb-below-header-display":"","ast-hfb-mobile-header-display":"","site-post-title":"disabled","ast-breadcrumbs-content":"","ast-featured-img":"disabled","footer-sml-layout":"","ast-disable-related-posts":"","theme-transparent-header-meta":"default","adv-header-id-meta":"","stick-header-meta":"default","header-above-stick-meta":"","header-main-stick-meta":"","header-below-stick-meta":"","astra-migrate-meta-layouts":"default","ast-page-background-enabled":"default","ast-page-background-meta":{"desktop":{"background-color":"","background-image":"","background-repeat":"repeat","background-position":"center center","background-size":"auto","background-attachment":"scroll","background-type":"","background-media":"","overlay-type":"","overlay-color":"","overlay-opacity":"","overlay-gradient":""},"tablet":{"background-color":"","background-image":"","background-repeat":"repeat","background-position":"center center","background-size":"auto","background-attachment":"scroll","background-type":"","background-media":"","overlay-type":"","overlay-color":"","overlay-opacity":"","overlay-gradient":""},"mobile":{"background-color":"","background-image":"","background-repeat":"repeat","background-position":"center center","background-size":"auto","background-attachment":"scroll","background-type":"","background-media":"","overlay-type":"","overlay-color":"","overlay-opacity":"","overlay-gradient":""}},"ast-content-background-meta":{"desktop":{"background-color":"var(--ast-global-color-5)","background-image":"","background-repeat":"repeat","background-position":"center center","background-size":"auto","background-attachment":"scroll","background-type":"","background-media":"","overlay-type":"","overlay-color":"","overlay-opacity":"","overlay-gradient":""},"tablet":{"background-color":"var(--ast-global-color-5)","background-image":"","background-repeat":"repeat","background-position":"center center","background-size":"auto","background-attachment":"scroll","background-type":"","background-media":"","overlay-type":"","overlay-color":"","overlay-opacity":"","overlay-gradient":""},"mobile":{"background-color":"var(--ast-global-color-5)","background-image":"","background-repeat":"repeat","background-position":"center center","background-size":"auto","background-attachment":"scroll","background-type":"","background-media":"","overlay-type":"","overlay-color":"","overlay-opacity":"","overlay-gradient":""}},"footnotes":""},"class_list":["post-3825","page","type-page","status-publish","hentry"],"_links":{"self":[{"href":"https:\/\/schaumburger-ritter.de\/en\/wp-json\/wp\/v2\/pages\/3825","targetHints":{"allow":["GET"]}}],"collection":[{"href":"https:\/\/schaumburger-ritter.de\/en\/wp-json\/wp\/v2\/pages"}],"about":[{"href":"https:\/\/schaumburger-ritter.de\/en\/wp-json\/wp\/v2\/types\/page"}],"author":[{"embeddable":true,"href":"https:\/\/schaumburger-ritter.de\/en\/wp-json\/wp\/v2\/users\/1"}],"replies":[{"embeddable":true,"href":"https:\/\/schaumburger-ritter.de\/en\/wp-json\/wp\/v2\/comments?post=3825"}],"version-history":[{"count":39,"href":"https:\/\/schaumburger-ritter.de\/en\/wp-json\/wp\/v2\/pages\/3825\/revisions"}],"predecessor-version":[{"id":5345,"href":"https:\/\/schaumburger-ritter.de\/en\/wp-json\/wp\/v2\/pages\/3825\/revisions\/5345"}],"wp:attachment":[{"href":"https:\/\/schaumburger-ritter.de\/en\/wp-json\/wp\/v2\/media?parent=3825"}],"curies":[{"name":"wp","href":"https:\/\/api.w.org\/{rel}","templated":true}]}}