{"id":4009,"date":"2021-08-29T20:46:22","date_gmt":"2021-08-29T18:46:22","guid":{"rendered":"http:\/\/schaumburger.hatdiebesteagentur.de\/?page_id=4009"},"modified":"2021-10-01T09:22:14","modified_gmt":"2021-10-01T07:22:14","slug":"unterrichtung","status":"publish","type":"page","link":"https:\/\/schaumburger-ritter.de\/en\/unterrichtung\/","title":{"rendered":"Unterrichtung bei Pauschalreisen"},"content":{"rendered":"<div data-elementor-type=\"wp-post\" data-elementor-id=\"4009\" class=\"elementor elementor-4009\" data-elementor-post-type=\"page\">\n\t\t\t\t\t\t<section class=\"elementor-section elementor-top-section elementor-element elementor-element-166d3536 elementor-section-stretched elementor-section-height-min-height elementor-section-boxed elementor-section-height-default elementor-section-items-middle\" data-id=\"166d3536\" data-element_type=\"section\" data-e-type=\"section\" data-settings=\"{&quot;stretch_section&quot;:&quot;section-stretched&quot;,&quot;background_background&quot;:&quot;classic&quot;}\">\n\t\t\t\t\t\t\t<div class=\"elementor-background-overlay\"><\/div>\n\t\t\t\t\t\t\t<div class=\"elementor-container elementor-column-gap-default\">\n\t\t\t\t\t<div class=\"elementor-column elementor-col-100 elementor-top-column elementor-element elementor-element-30a6b18e\" data-id=\"30a6b18e\" data-element_type=\"column\" data-e-type=\"column\">\n\t\t\t<div class=\"elementor-widget-wrap elementor-element-populated\">\n\t\t\t\t\t\t<div class=\"elementor-element elementor-element-15b14666 elementor-widget elementor-widget-heading\" data-id=\"15b14666\" data-element_type=\"widget\" data-e-type=\"widget\" data-widget_type=\"heading.default\">\n\t\t\t\t<div class=\"elementor-widget-container\">\n\t\t\t\t\t<h1 class=\"elementor-heading-title elementor-size-default\">Unterrichtung des Reisenden bei einer Pauschalreise<br> nach \u00a7 651a des B\u00fcrgerlichen Gesetzbuchs\n\n<\/h1>\t\t\t\t<\/div>\n\t\t\t\t<\/div>\n\t\t\t\t\t<\/div>\n\t\t<\/div>\n\t\t\t\t\t<\/div>\n\t\t<\/section>\n\t\t\t\t<section class=\"elementor-section elementor-top-section elementor-element elementor-element-ed58fc5 elementor-section-boxed elementor-section-height-default elementor-section-height-default\" data-id=\"ed58fc5\" data-element_type=\"section\" data-e-type=\"section\">\n\t\t\t\t\t\t<div class=\"elementor-container elementor-column-gap-default\">\n\t\t\t\t\t<div class=\"elementor-column elementor-col-100 elementor-top-column elementor-element elementor-element-17ec5a9\" data-id=\"17ec5a9\" data-element_type=\"column\" data-e-type=\"column\">\n\t\t\t<div class=\"elementor-widget-wrap elementor-element-populated\">\n\t\t\t\t\t\t<div class=\"elementor-element elementor-element-37aa747 elementor-widget elementor-widget-spacer\" data-id=\"37aa747\" data-element_type=\"widget\" data-e-type=\"widget\" data-widget_type=\"spacer.default\">\n\t\t\t\t<div class=\"elementor-widget-container\">\n\t\t\t\t\t\t\t<div class=\"elementor-spacer\">\n\t\t\t<div class=\"elementor-spacer-inner\"><\/div>\n\t\t<\/div>\n\t\t\t\t\t\t<\/div>\n\t\t\t\t<\/div>\n\t\t\t\t<div class=\"elementor-element elementor-element-7a6d630 elementor-widget elementor-widget-text-editor\" data-id=\"7a6d630\" data-element_type=\"widget\" data-e-type=\"widget\" data-widget_type=\"text-editor.default\">\n\t\t\t\t<div class=\"elementor-widget-container\">\n\t\t\t\t\t\t\t\t\t<p>Bei der Ihnen angebotenen Kombination von Reiseleistungen handelt es sich um eine Pauschalreise im Sinne der Richtlinie (EU) 2015\/2302.<\/p><p>Daher k\u00f6nnen Sie alle EU-Rechte in Anspruch nehmen, die f\u00fcr Pauschalreisen gelten. Das Hotel Schaumburger Ritter tr\u00e4gt die volle Verantwortung f\u00fcr die ordnungsgem\u00e4\u00dfe Durchf\u00fchrung der gesamten Pauschalreise.<\/p><p>Wichtigste Rechte nach der Richtlinie (EU) 2015\/2302<\/p><ul><li>Die Reisenden erhalten alle wesentlichen Informationen \u00fcber die Pauschalreise vor Abschluss des Pauschalreisevertrags<\/li><li>Es haftet immer mindestens ein Unternehmer f\u00fcr die ordnungsgem\u00e4\u00dfe Erbringung aller im Vertrag inbegriffenen Reiseleistungen<\/li><li>Die Reisenden erhalten eine Notruftelefonnummer oder Angaben zu einer Kontaktstelle, \u00fcber die sie sich mit dem Reiseveranstalter oder dem Reiseb\u00fcro in Verbindung setzen k\u00f6nnen.<\/li><li>Die Reisenden k\u00f6nnen die Pauschalreise \u2013 innerhalb einer angemessenen Frist und unter Umst\u00e4nden unter zus\u00e4tzlichen Kosten \u2013 auf eine andere Person \u00fcbertragen.<\/li><li>Der Preis der Pauschalreise darf nur erh\u00f6ht werden, wenn bestimmte Kosten (zum Beispiel Treibstoffpreise) sich erh\u00f6hen und wenn dies im Vertrag ausdr\u00fccklich vorgesehen ist, und in jedem Fall bis sp\u00e4testens 20 Tage vor Beginn der Pauschalreise. Wenn die Preiserh\u00f6hung 8 % des Pauschalreisepreises \u00fcbersteigt, kann der Reisende vom Vertrag zur\u00fccktreten. Wenn sich ein Reiseveranstalter das Recht auf eine Preiserh\u00f6hung vorbeh\u00e4lt, hat der Reisende das Recht auf eine Preissenkung, wenn die entsprechenden Kosten sich verringern<\/li><li>Die Reisenden k\u00f6nnen ohne Zahlung einer R\u00fccktrittsgeb\u00fchr vom Vertrag zur\u00fccktreten und erhalten eine volle Erstattung aller Zahlungen, wenn einer der wesentlichen Bestandteile der Pauschalreise mit Ausnahme des Preises erheblich ge\u00e4ndert wird. Wenn der f\u00fcr die Pauschalreise verantwortliche Unternehmer die Pauschalreise vor Beginn der Pauschalreise absagt, haben die Reisenden Anspruch auf eine Kostenerstattung und unter Umst\u00e4nden auf eine Entsch\u00e4digung<\/li><li>Die Reisenden k\u00f6nnen bei Eintritt au\u00dfergew\u00f6hnlicher Umst\u00e4nde vor Beginn der Pauschalreise ohne Zahlung einer R\u00fccktrittsgeb\u00fchr vom Vertrag zur\u00fccktreten, beispielsweise wenn am Bestimmungsort schwerwiegende Sicherheitsprobleme bestehen, die die Pauschalreise voraussichtlich beeintr\u00e4chtigen. Zudem k\u00f6nnen die Reisenden jederzeit vor Beginn der Pauschalreise gegen Zahlung einer angemessenen und vertretbaren R\u00fccktrittsgeb\u00fchr vom Vertrag zur\u00fccktreten<\/li><li>K\u00f6nnen nach Beginn der Pauschalreise wesentliche Bestandteile der Pauschalreise nicht vereinbarungsgem\u00e4\u00df durchgef\u00fchrt werden, so sind dem Reisenden angemessene andere Vorkehrungen ohne Mehrkosten anzubieten. Der Reisende kann ohne Zahlung einer R\u00fccktrittsgeb\u00fchr vom Vertrag zur\u00fccktreten (in der Bundesrepublik Deutschland hei\u00dft dieses Recht \u201eK\u00fcndigung\u201c), wenn Leistungen nicht gem\u00e4\u00df dem Vertrag erbracht werden und dies erhebliche Auswirkungen auf die Erbringung der vertraglichen Pauschalreiseleistungen hat und der Reiseveranstalter es vers\u00e4umt, Abhilfe zu schaffen<\/li><li>Der Reisende hat Anspruch auf eine Preisminderung und\/oder Schadenersatz, wenn die Reiseleistungen nicht oder nicht ordnungsgem\u00e4\u00df erbracht werden.<\/li><li>Der Reiseveranstalter leistet dem Reisenden Beistand, wenn dieser sich in Schwierigkeiten befindet.<\/li><li>Das vorliegende Angebot ist f\u00fcr Menschen mit eingeschr\u00e4nkter Mobilit\u00e4t nicht geeignet. Webseite, auf der die Richtlinie (EU) 2015\/2302 in der in das nationale Recht umgesetzten Form zu finden ist: www.umsetzung-richtlinie-eu2015-2302.de<\/li><li>Im Fall der Insolvenz des Reiseveranstalters oder \u2013 in einigen Mitgliedstaaten \u2013 des Reisevermittlers werden Zahlungen zur\u00fcckerstattet. Tritt die Insolvenz des Reiseveranstalters oder, sofern einschl\u00e4gig, des Reisevermittlers nach Beginn der Pauschalreise ein und ist die Bef\u00f6rderung Bestandteil der Pauschalreise, so wird die R\u00fcckbef\u00f6rderung der Reisenden gew\u00e4hrleistet.<\/li><\/ul><p>Das Hotel Schaumburger Ritter nimmt f\u00fcr Pauschalreisen keine Vorauskasse und ben\u00f6tigt daher keine Insolvenzabsicherung durch Sicherungsschein.<\/p><ul><li>Das vorliegende Angebot ist f\u00fcr Menschen mit eingeschr\u00e4nkter Mobilit\u00e4t nicht geeignet. Webseite, auf der die Richtlinie (EU) 2015\/2302 in der in das nationale Recht umgesetzten Form zu finden ist: www.umsetzung-richtlinie-eu2015-2302.de<\/li><\/ul><p>Notruftelefonnummer und Kontaktstelle<\/p><p>Schaumburger Ritter Gastronomie GmbH<br \/>Burgstra\u00dfe 2-4<br \/>31737 Rinteln\/Schaumburg<br \/>Telefon: +49 5152 947460<br \/>Telefax: +49 5152 947461<\/p><p>E-Mail:\u00a0<span id=\"cloakb9b516dcdc060d2dd1d00d9b156aa558\"><span id=\"cloak90b33c3c8d6b9a39fefcb903f619c450\"><a href=\"mailto:kontakt@schaumburger-ritter.com\">kontakt@schaumburger-ritter.com<\/a><\/span><\/span><\/p><p>Internet: www.schaumburger-ritter.com<br \/><br \/>Vertretungsberechtigter Gesch\u00e4ftsf\u00fchrer: Stephan Kehlenbeck<\/p>\t\t\t\t\t\t\t\t<\/div>\n\t\t\t\t<\/div>\n\t\t\t\t<div class=\"elementor-element elementor-element-7f17007 elementor-widget elementor-widget-spacer\" data-id=\"7f17007\" data-element_type=\"widget\" data-e-type=\"widget\" data-widget_type=\"spacer.default\">\n\t\t\t\t<div class=\"elementor-widget-container\">\n\t\t\t\t\t\t\t<div class=\"elementor-spacer\">\n\t\t\t<div class=\"elementor-spacer-inner\"><\/div>\n\t\t<\/div>\n\t\t\t\t\t\t<\/div>\n\t\t\t\t<\/div>\n\t\t\t\t\t<\/div>\n\t\t<\/div>\n\t\t\t\t\t<\/div>\n\t\t<\/section>\n\t\t\t\t<\/div>","protected":false},"excerpt":{"rendered":"<p>Unterrichtung des Reisenden bei einer Pauschalreise nach \u00a7 651a des B\u00fcrgerlichen Gesetzbuchs Bei der Ihnen angebotenen Kombination von Reiseleistungen handelt es sich um eine Pauschalreise im Sinne der Richtlinie (EU) 2015\/2302. Daher k\u00f6nnen Sie alle EU-Rechte in Anspruch nehmen, die f\u00fcr Pauschalreisen gelten. Das Hotel Schaumburger Ritter tr\u00e4gt die volle Verantwortung f\u00fcr die ordnungsgem\u00e4\u00dfe Durchf\u00fchrung [&hellip;]<\/p>\n","protected":false},"author":1,"featured_media":0,"parent":0,"menu_order":0,"comment_status":"closed","ping_status":"closed","template":"","meta":{"site-sidebar-layout":"no-sidebar","site-content-layout":"page-builder","ast-site-content-layout":"default","site-content-style":"default","site-sidebar-style":"default","ast-global-header-display":"","ast-banner-title-visibility":"","ast-main-header-display":"","ast-hfb-above-header-display":"","ast-hfb-below-header-display":"","ast-hfb-mobile-header-display":"","site-post-title":"disabled","ast-breadcrumbs-content":"","ast-featured-img":"disabled","footer-sml-layout":"","ast-disable-related-posts":"","theme-transparent-header-meta":"","adv-header-id-meta":"","stick-header-meta":"","header-above-stick-meta":"","header-main-stick-meta":"","header-below-stick-meta":"","astra-migrate-meta-layouts":"default","ast-page-background-enabled":"default","ast-page-background-meta":{"desktop":{"background-color":"","background-image":"","background-repeat":"repeat","background-position":"center center","background-size":"auto","background-attachment":"scroll","background-type":"","background-media":"","overlay-type":"","overlay-color":"","overlay-opacity":"","overlay-gradient":""},"tablet":{"background-color":"","background-image":"","background-repeat":"repeat","background-position":"center center","background-size":"auto","background-attachment":"scroll","background-type":"","background-media":"","overlay-type":"","overlay-color":"","overlay-opacity":"","overlay-gradient":""},"mobile":{"background-color":"","background-image":"","background-repeat":"repeat","background-position":"center center","background-size":"auto","background-attachment":"scroll","background-type":"","background-media":"","overlay-type":"","overlay-color":"","overlay-opacity":"","overlay-gradient":""}},"ast-content-background-meta":{"desktop":{"background-color":"var(--ast-global-color-5)","background-image":"","background-repeat":"repeat","background-position":"center center","background-size":"auto","background-attachment":"scroll","background-type":"","background-media":"","overlay-type":"","overlay-color":"","overlay-opacity":"","overlay-gradient":""},"tablet":{"background-color":"var(--ast-global-color-5)","background-image":"","background-repeat":"repeat","background-position":"center center","background-size":"auto","background-attachment":"scroll","background-type":"","background-media":"","overlay-type":"","overlay-color":"","overlay-opacity":"","overlay-gradient":""},"mobile":{"background-color":"var(--ast-global-color-5)","background-image":"","background-repeat":"repeat","background-position":"center center","background-size":"auto","background-attachment":"scroll","background-type":"","background-media":"","overlay-type":"","overlay-color":"","overlay-opacity":"","overlay-gradient":""}},"footnotes":""},"class_list":["post-4009","page","type-page","status-publish","hentry"],"_links":{"self":[{"href":"https:\/\/schaumburger-ritter.de\/en\/wp-json\/wp\/v2\/pages\/4009","targetHints":{"allow":["GET"]}}],"collection":[{"href":"https:\/\/schaumburger-ritter.de\/en\/wp-json\/wp\/v2\/pages"}],"about":[{"href":"https:\/\/schaumburger-ritter.de\/en\/wp-json\/wp\/v2\/types\/page"}],"author":[{"embeddable":true,"href":"https:\/\/schaumburger-ritter.de\/en\/wp-json\/wp\/v2\/users\/1"}],"replies":[{"embeddable":true,"href":"https:\/\/schaumburger-ritter.de\/en\/wp-json\/wp\/v2\/comments?post=4009"}],"version-history":[{"count":0,"href":"https:\/\/schaumburger-ritter.de\/en\/wp-json\/wp\/v2\/pages\/4009\/revisions"}],"wp:attachment":[{"href":"https:\/\/schaumburger-ritter.de\/en\/wp-json\/wp\/v2\/media?parent=4009"}],"curies":[{"name":"wp","href":"https:\/\/api.w.org\/{rel}","templated":true}]}}