{"id":16038,"date":"2026-02-08T18:57:41","date_gmt":"2026-02-08T17:57:41","guid":{"rendered":"https:\/\/schaumburger-ritter.de\/?post_type=product&#038;p=16038"},"modified":"2026-03-19T17:38:32","modified_gmt":"2026-03-19T16:38:32","slug":"candlelight-dinner","status":"publish","type":"product","link":"https:\/\/schaumburger-ritter.de\/en\/product\/candlelight-dinner\/","title":{"rendered":"Candlelight Dinner"},"content":{"rendered":"<p style=\"font-weight: 400;\">Im Preis enthalten ist ein Candlelight-Dinner-Men\u00fc inkl. Aperitif. Der Preis gilt f\u00fcr zwei Personen. Zudem dekorieren wir Ihnen den Tisch romantisch mit Kerzen. Weitere Getr\u00e4nke sind nicht inbegriffen und werden separat berechnet.<\/p>\n<p style=\"font-weight: 400;\"><strong>Die Men\u00fcauswahl erfolgt nach Wahl des K\u00fcchenchefs. Bitte informieren Sie uns bei der Buchung ob ein vegetarische\/veganes Men\u00fc gew\u00fcnscht wird. F\u00fcr die Einl\u00f6sung des Gutscheins ist eine vorherige Reservierung <u>zwingend<\/u> erforderlich.<\/strong><\/p>\n<p style=\"font-weight: 400;\">An Feiertagen oder bei gro\u00dfen Events kann dieses besondere Erlebnis leider nicht angeboten werden.<\/p>","protected":false},"excerpt":{"rendered":"<p>Preis f\u00fcr zwei Personen inkl. 3-Gang-Men\u00fc und Aperitif.<\/p>","protected":false},"featured_media":16039,"template":"","meta":{"site-sidebar-layout":"default","site-content-layout":"default","ast-site-content-layout":"default","site-content-style":"default","site-sidebar-style":"default","ast-global-header-display":"","ast-banner-title-visibility":"","ast-main-header-display":"","ast-hfb-above-header-display":"","ast-hfb-below-header-display":"","ast-hfb-mobile-header-display":"","site-post-title":"","ast-breadcrumbs-content":"","ast-featured-img":"","footer-sml-layout":"","ast-disable-related-posts":"","theme-transparent-header-meta":"default","adv-header-id-meta":"","stick-header-meta":"default","header-above-stick-meta":"","header-main-stick-meta":"","header-below-stick-meta":"","astra-migrate-meta-layouts":"set","ast-page-background-enabled":"default","ast-page-background-meta":{"desktop":{"background-color":"","background-image":"","background-repeat":"repeat","background-position":"center center","background-size":"auto","background-attachment":"scroll","background-type":"","background-media":"","overlay-type":"","overlay-color":"","overlay-opacity":"","overlay-gradient":""},"tablet":{"background-color":"","background-image":"","background-repeat":"repeat","background-position":"center center","background-size":"auto","background-attachment":"scroll","background-type":"","background-media":"","overlay-type":"","overlay-color":"","overlay-opacity":"","overlay-gradient":""},"mobile":{"background-color":"","background-image":"","background-repeat":"repeat","background-position":"center center","background-size":"auto","background-attachment":"scroll","background-type":"","background-media":"","overlay-type":"","overlay-color":"","overlay-opacity":"","overlay-gradient":""}},"ast-content-background-meta":{"desktop":{"background-color":"var(--ast-global-color-5)","background-image":"","background-repeat":"repeat","background-position":"center center","background-size":"auto","background-attachment":"scroll","background-type":"","background-media":"","overlay-type":"","overlay-color":"","overlay-opacity":"","overlay-gradient":""},"tablet":{"background-color":"var(--ast-global-color-5)","background-image":"","background-repeat":"repeat","background-position":"center center","background-size":"auto","background-attachment":"scroll","background-type":"","background-media":"","overlay-type":"","overlay-color":"","overlay-opacity":"","overlay-gradient":""},"mobile":{"background-color":"var(--ast-global-color-5)","background-image":"","background-repeat":"repeat","background-position":"center center","background-size":"auto","background-attachment":"scroll","background-type":"","background-media":"","overlay-type":"","overlay-color":"","overlay-opacity":"","overlay-gradient":""}}},"product_brand":[],"product_cat":[27],"product_tag":[],"class_list":{"0":"post-16038","1":"product","2":"type-product","3":"status-publish","4":"has-post-thumbnail","6":"product_cat-events","7":"desktop-align-left","8":"tablet-align-left","9":"mobile-align-left","10":"ast-product-gallery-layout-horizontal-slider","11":"ast-product-gallery-with-no-image","12":"ast-magnify-disabled","13":"ast-product-single-variable","14":"ast-product-tabs-layout-horizontal","16":"first","17":"instock","18":"featured","19":"taxable","20":"shipping-taxable","21":"purchasable","22":"product-type-variable"},"_links":{"self":[{"href":"https:\/\/schaumburger-ritter.de\/en\/wp-json\/wp\/v2\/product\/16038","targetHints":{"allow":["GET"]}}],"collection":[{"href":"https:\/\/schaumburger-ritter.de\/en\/wp-json\/wp\/v2\/product"}],"about":[{"href":"https:\/\/schaumburger-ritter.de\/en\/wp-json\/wp\/v2\/types\/product"}],"wp:featuredmedia":[{"embeddable":true,"href":"https:\/\/schaumburger-ritter.de\/en\/wp-json\/wp\/v2\/media\/16039"}],"wp:attachment":[{"href":"https:\/\/schaumburger-ritter.de\/en\/wp-json\/wp\/v2\/media?parent=16038"}],"wp:term":[{"taxonomy":"product_brand","embeddable":true,"href":"https:\/\/schaumburger-ritter.de\/en\/wp-json\/wp\/v2\/product_brand?post=16038"},{"taxonomy":"product_cat","embeddable":true,"href":"https:\/\/schaumburger-ritter.de\/en\/wp-json\/wp\/v2\/product_cat?post=16038"},{"taxonomy":"product_tag","embeddable":true,"href":"https:\/\/schaumburger-ritter.de\/en\/wp-json\/wp\/v2\/product_tag?post=16038"}],"curies":[{"name":"wp","href":"https:\/\/api.w.org\/{rel}","templated":true}]}}