{"id":16074,"date":"2026-02-26T08:50:29","date_gmt":"2026-02-26T07:50:29","guid":{"rendered":"https:\/\/schaumburger-ritter.de\/?post_type=product&#038;p=16074"},"modified":"2026-02-26T08:54:12","modified_gmt":"2026-02-26T07:54:12","slug":"schauspielkomoedie-landei-gesucht","status":"publish","type":"product","link":"https:\/\/schaumburger-ritter.de\/en\/product\/schauspielkomoedie-landei-gesucht\/","title":{"rendered":"Schauspielkom\u00f6die LANDEI GESUCHT &#8211; 30.01.2027"},"content":{"rendered":"<p class=\"p1\">Bauer Erwin (Stefan Marx) ist deprimiert. Seit Jahren ist er vergebens auf der Suche nach einer passenden Frau. Nun m\u00fcssen N\u00e4gel mit K\u00f6pfen gemacht werden. Schlie\u00dflich liegen seine besten Jahre bald hinter ihm und die Arbeit auf dem Bauernhof wird auch nicht weniger. Sein bester Freund, Gastwirt Alfons (Simon Hillebrand), versteht das Problem nicht. Er schwebt mit seiner Rita noch immer auf Wolke sieben. Dennoch unterst\u00fctzt er Erwin und erteilt ihm Nachhilfe in Sachen Frauenkennenlernen: Kontaktanzeigen, Speed Datings, machohaftes Auftreten und Bewerbungsvideos stehen auf dem Stundenplan. Doch trotz aller Bem\u00fchungen l\u00e4sst sich einfach kein passender Deckel zum Topf finden. Bis die alles entscheidende Idee kommt\u2026<\/p>\n<p class=\"p1\">Die Dating-Kom\u00f6die bei der gewiss kein Zuschauerauge trocken bleibt! Vergessen Sie Tinder und Co! Das inzwischen schon Kult-St\u00fcck vom ZIMMER.THEATER sollte man auf keinen Fall verpassen!<\/p>","protected":false},"excerpt":{"rendered":"<p><strong>Einlass 17:30 Uhr, Beginn: 18:00 Uhr, <\/strong><\/p>\n<p>inkl. 3-Gang Men\u00fc &amp; Aperitif.<\/p>\n<p style=\"font-weight: 400;\"><strong>Wenn Sie unter einer Lebensmittelallergie oder -unvertr\u00e4glichkeit leiden oder sich vegetarisch oder vegan ern\u00e4hren, <\/strong><strong>so teilen Sie uns dies bitte bis sp\u00e4testens zwei Tage vor Veranstaltungsbeginn mit.<\/strong><\/p>","protected":false},"featured_media":16075,"template":"","meta":{"site-sidebar-layout":"default","site-content-layout":"default","ast-site-content-layout":"default","site-content-style":"default","site-sidebar-style":"default","ast-global-header-display":"","ast-banner-title-visibility":"","ast-main-header-display":"","ast-hfb-above-header-display":"","ast-hfb-below-header-display":"","ast-hfb-mobile-header-display":"","site-post-title":"","ast-breadcrumbs-content":"","ast-featured-img":"","footer-sml-layout":"","ast-disable-related-posts":"","theme-transparent-header-meta":"default","adv-header-id-meta":"","stick-header-meta":"default","header-above-stick-meta":"","header-main-stick-meta":"","header-below-stick-meta":"","astra-migrate-meta-layouts":"set","ast-page-background-enabled":"default","ast-page-background-meta":{"desktop":{"background-color":"","background-image":"","background-repeat":"repeat","background-position":"center center","background-size":"auto","background-attachment":"scroll","background-type":"","background-media":"","overlay-type":"","overlay-color":"","overlay-opacity":"","overlay-gradient":""},"tablet":{"background-color":"","background-image":"","background-repeat":"repeat","background-position":"center center","background-size":"auto","background-attachment":"scroll","background-type":"","background-media":"","overlay-type":"","overlay-color":"","overlay-opacity":"","overlay-gradient":""},"mobile":{"background-color":"","background-image":"","background-repeat":"repeat","background-position":"center center","background-size":"auto","background-attachment":"scroll","background-type":"","background-media":"","overlay-type":"","overlay-color":"","overlay-opacity":"","overlay-gradient":""}},"ast-content-background-meta":{"desktop":{"background-color":"var(--ast-global-color-5)","background-image":"","background-repeat":"repeat","background-position":"center center","background-size":"auto","background-attachment":"scroll","background-type":"","background-media":"","overlay-type":"","overlay-color":"","overlay-opacity":"","overlay-gradient":""},"tablet":{"background-color":"var(--ast-global-color-5)","background-image":"","background-repeat":"repeat","background-position":"center center","background-size":"auto","background-attachment":"scroll","background-type":"","background-media":"","overlay-type":"","overlay-color":"","overlay-opacity":"","overlay-gradient":""},"mobile":{"background-color":"var(--ast-global-color-5)","background-image":"","background-repeat":"repeat","background-position":"center center","background-size":"auto","background-attachment":"scroll","background-type":"","background-media":"","overlay-type":"","overlay-color":"","overlay-opacity":"","overlay-gradient":""}}},"product_brand":[],"product_cat":[27],"product_tag":[],"class_list":{"0":"post-16074","1":"product","2":"type-product","3":"status-publish","4":"has-post-thumbnail","6":"product_cat-events","7":"desktop-align-left","8":"tablet-align-left","9":"mobile-align-left","10":"ast-product-gallery-layout-horizontal-slider","11":"ast-product-gallery-with-no-image","12":"ast-magnify-disabled","13":"ast-product-tabs-layout-horizontal","15":"first","16":"instock","17":"featured","18":"taxable","19":"shipping-taxable","20":"purchasable","21":"product-type-simple"},"_links":{"self":[{"href":"https:\/\/schaumburger-ritter.de\/en\/wp-json\/wp\/v2\/product\/16074","targetHints":{"allow":["GET"]}}],"collection":[{"href":"https:\/\/schaumburger-ritter.de\/en\/wp-json\/wp\/v2\/product"}],"about":[{"href":"https:\/\/schaumburger-ritter.de\/en\/wp-json\/wp\/v2\/types\/product"}],"wp:featuredmedia":[{"embeddable":true,"href":"https:\/\/schaumburger-ritter.de\/en\/wp-json\/wp\/v2\/media\/16075"}],"wp:attachment":[{"href":"https:\/\/schaumburger-ritter.de\/en\/wp-json\/wp\/v2\/media?parent=16074"}],"wp:term":[{"taxonomy":"product_brand","embeddable":true,"href":"https:\/\/schaumburger-ritter.de\/en\/wp-json\/wp\/v2\/product_brand?post=16074"},{"taxonomy":"product_cat","embeddable":true,"href":"https:\/\/schaumburger-ritter.de\/en\/wp-json\/wp\/v2\/product_cat?post=16074"},{"taxonomy":"product_tag","embeddable":true,"href":"https:\/\/schaumburger-ritter.de\/en\/wp-json\/wp\/v2\/product_tag?post=16074"}],"curies":[{"name":"wp","href":"https:\/\/api.w.org\/{rel}","templated":true}]}}