{"id":16157,"date":"2026-04-03T14:15:08","date_gmt":"2026-04-03T12:15:08","guid":{"rendered":"https:\/\/schaumburger-ritter.de\/?post_type=product&#038;p=16157"},"modified":"2026-04-03T14:16:49","modified_gmt":"2026-04-03T12:16:49","slug":"austrinken","status":"publish","type":"product","link":"https:\/\/schaumburger-ritter.de\/en\/product\/austrinken\/","title":{"rendered":"Austrinken &#8211; 16.01.2027"},"content":{"rendered":"<p data-start=\"87\" data-end=\"161\"><strong data-start=\"87\" data-end=\"159\">Austrinken im Schaumburger Ritter \u2013 Probieren, vergleichen, genie\u00dfen<\/strong><\/p>\n<p data-start=\"163\" data-end=\"399\">Erleben Sie einen entspannten Genussabend ganz nach Ihrem Geschmack. Beim \u201eAustrinken\u201c im Schaumburger Ritter haben Sie die M\u00f6glichkeit, eine vielf\u00e4ltige Auswahl an Rum- und Whiskyspezialit\u00e4ten zu entdecken und individuell zu verkosten.<\/p>\n<p data-start=\"401\" data-end=\"668\">Probieren Sie unterschiedliche Sorten, vergleichen Sie Aromen und tauschen Sie sich in geselliger Atmosph\u00e4re mit anderen Genie\u00dferinnen und Genie\u00dfern aus. Ob mild, rauchig, fruchtig oder komplex \u2013 hier finden Sie genau das, was Ihrem pers\u00f6nlichen Geschmack entspricht.<\/p>\n<p data-start=\"670\" data-end=\"836\">Das Besondere: Sie entscheiden selbst, welche und wie viele Spirituosen Sie probieren m\u00f6chten \u2013 zu attraktiven Probierpreisen und ganz ohne festgelegtes Tasting-Men\u00fc.<\/p>\n<p data-start=\"838\" data-end=\"978\">Ein kleines, liebevoll zusammengestelltes Buffet sorgt zus\u00e4tzlich f\u00fcr den passenden kulinarischen Rahmen und rundet den Abend genussvoll ab.<\/p>\n<p data-start=\"980\" data-end=\"1124\">Freuen Sie sich auf einen ungezwungenen Abend voller Entdeckungen, guter Gespr\u00e4che und besonderer Geschmackserlebnisse im Schaumburger Ritter.<\/p>\n<hr data-start=\"1126\" data-end=\"1131\" \/>\n<p data-start=\"1133\" data-end=\"1268\" data-is-last-node=\"\" data-is-only-node=\"\">Wenn du willst, kann ich dir daraus noch eine kurze <strong data-start=\"1185\" data-end=\"1221\">Shop-Kurzbeschreibung + SEO Meta<\/strong> bauen, damit das Event auch gut gefunden wird.<\/p>","protected":false},"excerpt":{"rendered":"<h3>Sa. 16. Januar &#8211; Beginn: 18:00 Uhr<\/h3>\n<p>inkl. 4-Gang-Men\u00fc, Preis pro Person<\/p>","protected":false},"featured_media":4942,"template":"","meta":{"site-sidebar-layout":"default","site-content-layout":"default","ast-site-content-layout":"default","site-content-style":"default","site-sidebar-style":"default","ast-global-header-display":"","ast-banner-title-visibility":"","ast-main-header-display":"","ast-hfb-above-header-display":"","ast-hfb-below-header-display":"","ast-hfb-mobile-header-display":"","site-post-title":"","ast-breadcrumbs-content":"","ast-featured-img":"","footer-sml-layout":"","ast-disable-related-posts":"","theme-transparent-header-meta":"default","adv-header-id-meta":"","stick-header-meta":"default","header-above-stick-meta":"","header-main-stick-meta":"","header-below-stick-meta":"","astra-migrate-meta-layouts":"set","ast-page-background-enabled":"default","ast-page-background-meta":{"desktop":{"background-color":"","background-image":"","background-repeat":"repeat","background-position":"center center","background-size":"auto","background-attachment":"scroll","background-type":"","background-media":"","overlay-type":"","overlay-color":"","overlay-opacity":"","overlay-gradient":""},"tablet":{"background-color":"","background-image":"","background-repeat":"repeat","background-position":"center center","background-size":"auto","background-attachment":"scroll","background-type":"","background-media":"","overlay-type":"","overlay-color":"","overlay-opacity":"","overlay-gradient":""},"mobile":{"background-color":"","background-image":"","background-repeat":"repeat","background-position":"center center","background-size":"auto","background-attachment":"scroll","background-type":"","background-media":"","overlay-type":"","overlay-color":"","overlay-opacity":"","overlay-gradient":""}},"ast-content-background-meta":{"desktop":{"background-color":"var(--ast-global-color-5)","background-image":"","background-repeat":"repeat","background-position":"center center","background-size":"auto","background-attachment":"scroll","background-type":"","background-media":"","overlay-type":"","overlay-color":"","overlay-opacity":"","overlay-gradient":""},"tablet":{"background-color":"var(--ast-global-color-5)","background-image":"","background-repeat":"repeat","background-position":"center center","background-size":"auto","background-attachment":"scroll","background-type":"","background-media":"","overlay-type":"","overlay-color":"","overlay-opacity":"","overlay-gradient":""},"mobile":{"background-color":"var(--ast-global-color-5)","background-image":"","background-repeat":"repeat","background-position":"center center","background-size":"auto","background-attachment":"scroll","background-type":"","background-media":"","overlay-type":"","overlay-color":"","overlay-opacity":"","overlay-gradient":""}}},"product_brand":[],"product_cat":[27],"product_tag":[],"class_list":{"0":"post-16157","1":"product","2":"type-product","3":"status-publish","4":"has-post-thumbnail","6":"product_cat-events","7":"desktop-align-left","8":"tablet-align-left","9":"mobile-align-left","10":"ast-product-gallery-layout-horizontal-slider","11":"ast-product-gallery-with-no-image","12":"ast-magnify-disabled","13":"ast-product-tabs-layout-horizontal","15":"first","16":"instock","17":"featured","18":"taxable","19":"shipping-taxable","20":"purchasable","21":"product-type-simple"},"_links":{"self":[{"href":"https:\/\/schaumburger-ritter.de\/en\/wp-json\/wp\/v2\/product\/16157","targetHints":{"allow":["GET"]}}],"collection":[{"href":"https:\/\/schaumburger-ritter.de\/en\/wp-json\/wp\/v2\/product"}],"about":[{"href":"https:\/\/schaumburger-ritter.de\/en\/wp-json\/wp\/v2\/types\/product"}],"wp:featuredmedia":[{"embeddable":true,"href":"https:\/\/schaumburger-ritter.de\/en\/wp-json\/wp\/v2\/media\/4942"}],"wp:attachment":[{"href":"https:\/\/schaumburger-ritter.de\/en\/wp-json\/wp\/v2\/media?parent=16157"}],"wp:term":[{"taxonomy":"product_brand","embeddable":true,"href":"https:\/\/schaumburger-ritter.de\/en\/wp-json\/wp\/v2\/product_brand?post=16157"},{"taxonomy":"product_cat","embeddable":true,"href":"https:\/\/schaumburger-ritter.de\/en\/wp-json\/wp\/v2\/product_cat?post=16157"},{"taxonomy":"product_tag","embeddable":true,"href":"https:\/\/schaumburger-ritter.de\/en\/wp-json\/wp\/v2\/product_tag?post=16157"}],"curies":[{"name":"wp","href":"https:\/\/api.w.org\/{rel}","templated":true}]}}