{"id":3958,"date":"2022-10-31T14:00:44","date_gmt":"2022-10-31T13:00:44","guid":{"rendered":"http:\/\/schaumburger.hatdiebesteagentur.de\/?post_type=product&#038;p=3958"},"modified":"2026-05-12T23:49:07","modified_gmt":"2026-05-12T21:49:07","slug":"musical-dinner","status":"publish","type":"product","link":"https:\/\/schaumburger-ritter.de\/en\/product\/musical-dinner\/","title":{"rendered":"Musical Dinner &#8211; 22.01.2027"},"content":{"rendered":"<h4>In unserer Musical-Dinner-Show erleben Sie Highlights der gro\u00dfen Musical-Klassiker!<\/h4>\n<p>Wie z.B. aus Evita, Cats, Phantom der Oper, Cabaret, Tanz der Vampire, Elisabeth, We Will Rock You, Mamma Mia und viele mehr. Diese Musical-Dinner-Show wird Ihnen von den K\u00fcnstlern mit erstklassigem Livegesang pr\u00e4sentiert.<\/p>\n<p>Begleiten Sie uns auf unserer Reise durch die magische Welt der Musicals. Wir bringen Ihnen den Glanz und Glamour der gro\u00dfen Musicals mit unserer Musical-Dinner-Show in greifbare N\u00e4he.<\/p>\n<p>Lassen Sie sich verzaubern von stimmgewaltigen und professionellem Live-Gesang auf Theater-Niveau!<\/p>\n<p>Genie\u00dfen Sie das Showprogramm in vollen Z\u00fcgen und lassen Sie neben Augen und Ohren auch noch Ihren Gaumen verw\u00f6hnen. In unserer Show erleben Sie neben der wunderbaren Musik auch noch ein fabelhaftes Essen, denn unsere Musical-Dinner-Show wird von einem exquisiten 4-Gang-Men\u00fc inkl. Aperitif begleitet.<\/p>\n<p>It&#8217;s showtime!<\/p>\n<p>Preis pro Ticket.<\/p>","protected":false},"excerpt":{"rendered":"<h3>Fr. 22.01.27 &#8211; Einlass 18:00 Uhr, Beginn 18:30 Uhr<\/h3>\n<p>Es gibt keine B\u00fchne bei der Musical-Dinner-Show, denn die Darsteller bewegen sich im ganzen Saal. Erleben Sie eine Dinner-Show mit Effekten, Kost\u00fcmen, Requisiten und Choreographien zum Greifen nah und f\u00fchlen Sie sich selbst als Teil der Show. Gro\u00dfe Staatsoberh\u00e4upter, Hexen oder Vampire waren Ihnen noch nie so nah.<\/p>","protected":false},"featured_media":3972,"template":"","meta":{"site-sidebar-layout":"default","site-content-layout":"default","ast-site-content-layout":"default","site-content-style":"default","site-sidebar-style":"default","ast-global-header-display":"","ast-banner-title-visibility":"","ast-main-header-display":"","ast-hfb-above-header-display":"","ast-hfb-below-header-display":"","ast-hfb-mobile-header-display":"","site-post-title":"","ast-breadcrumbs-content":"","ast-featured-img":"","footer-sml-layout":"","ast-disable-related-posts":"","theme-transparent-header-meta":"default","adv-header-id-meta":"","stick-header-meta":"default","header-above-stick-meta":"","header-main-stick-meta":"","header-below-stick-meta":"","astra-migrate-meta-layouts":"set","ast-page-background-enabled":"default","ast-page-background-meta":{"desktop":{"background-color":"","background-image":"","background-repeat":"repeat","background-position":"center center","background-size":"auto","background-attachment":"scroll","background-type":"","background-media":"","overlay-type":"","overlay-color":"","overlay-opacity":"","overlay-gradient":""},"tablet":{"background-color":"","background-image":"","background-repeat":"repeat","background-position":"center center","background-size":"auto","background-attachment":"scroll","background-type":"","background-media":"","overlay-type":"","overlay-color":"","overlay-opacity":"","overlay-gradient":""},"mobile":{"background-color":"","background-image":"","background-repeat":"repeat","background-position":"center center","background-size":"auto","background-attachment":"scroll","background-type":"","background-media":"","overlay-type":"","overlay-color":"","overlay-opacity":"","overlay-gradient":""}},"ast-content-background-meta":{"desktop":{"background-color":"var(--ast-global-color-5)","background-image":"","background-repeat":"repeat","background-position":"center center","background-size":"auto","background-attachment":"scroll","background-type":"","background-media":"","overlay-type":"","overlay-color":"","overlay-opacity":"","overlay-gradient":""},"tablet":{"background-color":"var(--ast-global-color-5)","background-image":"","background-repeat":"repeat","background-position":"center center","background-size":"auto","background-attachment":"scroll","background-type":"","background-media":"","overlay-type":"","overlay-color":"","overlay-opacity":"","overlay-gradient":""},"mobile":{"background-color":"var(--ast-global-color-5)","background-image":"","background-repeat":"repeat","background-position":"center center","background-size":"auto","background-attachment":"scroll","background-type":"","background-media":"","overlay-type":"","overlay-color":"","overlay-opacity":"","overlay-gradient":""}}},"product_brand":[],"product_cat":[27],"product_tag":[],"class_list":{"0":"post-3958","1":"product","2":"type-product","3":"status-publish","4":"has-post-thumbnail","6":"product_cat-events","7":"desktop-align-left","8":"tablet-align-left","9":"mobile-align-left","11":"first","12":"instock","13":"featured","14":"taxable","15":"shipping-taxable","16":"purchasable","17":"product-type-simple"},"_links":{"self":[{"href":"https:\/\/schaumburger-ritter.de\/en\/wp-json\/wp\/v2\/product\/3958","targetHints":{"allow":["GET"]}}],"collection":[{"href":"https:\/\/schaumburger-ritter.de\/en\/wp-json\/wp\/v2\/product"}],"about":[{"href":"https:\/\/schaumburger-ritter.de\/en\/wp-json\/wp\/v2\/types\/product"}],"wp:featuredmedia":[{"embeddable":true,"href":"https:\/\/schaumburger-ritter.de\/en\/wp-json\/wp\/v2\/media\/3972"}],"wp:attachment":[{"href":"https:\/\/schaumburger-ritter.de\/en\/wp-json\/wp\/v2\/media?parent=3958"}],"wp:term":[{"taxonomy":"product_brand","embeddable":true,"href":"https:\/\/schaumburger-ritter.de\/en\/wp-json\/wp\/v2\/product_brand?post=3958"},{"taxonomy":"product_cat","embeddable":true,"href":"https:\/\/schaumburger-ritter.de\/en\/wp-json\/wp\/v2\/product_cat?post=3958"},{"taxonomy":"product_tag","embeddable":true,"href":"https:\/\/schaumburger-ritter.de\/en\/wp-json\/wp\/v2\/product_tag?post=3958"}],"curies":[{"name":"wp","href":"https:\/\/api.w.org\/{rel}","templated":true}]}}