{"id":4806,"date":"2026-04-01T20:00:12","date_gmt":"2026-04-01T18:00:12","guid":{"rendered":"http:\/\/schaumburger.hatdiebesteagentur.de\/?post_type=product&#038;p=4806"},"modified":"2026-04-03T12:44:23","modified_gmt":"2026-04-03T10:44:23","slug":"magic-dinner-show","status":"publish","type":"product","link":"https:\/\/schaumburger-ritter.de\/en\/product\/magic-dinner-show\/","title":{"rendered":"Magic Dinner Show mit Kevin K\u00f6neke &#8211; 27.11.2026"},"content":{"rendered":"<p><strong>MAGIC DINNER SHOW MIT KEVIN K\u00d6NEKE<\/strong><\/p>\n<p><strong>ERSTKLASSIGE ZAUBERSHOW &#8211; WUNDERBAR KOMISCH<\/strong><\/p>\n<p>Lassen Sie sich von seiner B\u00fchnenshow in die Welt der Zauberei, des Entertainments und Comedy entf\u00fchren. Erleben Sie Momente, die Sie vorher vielleicht noch nie gesehen oder geh\u00f6rt haben! KEVIN K\u00d6NEKE ist ein mehrfach preisgekr\u00f6nter Zauberk\u00fcnstler und Entertainer, schlagfertig, charmant, witzig und einzigartig.<\/p>\n<p>In seiner unverwechselbaren Zaubershow passieren unerkl\u00e4rliche Dinge, bei denen staunen, lachen und tr\u00e4umen garantiert sind. Er l\u00e4sst Tische schweben, liest in Ihren Gedanken, vermehrt wundersam Geld, l\u00e4sst Gegenst\u00e4nde verschwinden und vieles mehr. KEVIN K\u00d6NEKE bringt mit seiner Zauberkunst jede Vernunft und Logik aus dem Gleichgewicht und mit der f\u00fcr ihn typischen sympathischen Art sowie flotten Spr\u00fcchen die Stimmung zum brodeln. In vielen TV-Sendungen und in seinen deutschlandweiten MAGIC DINNER SHOWS begeisterte er bereits unz\u00e4hlige Zuschauer und ist jetzt mit seiner MAGIC DINNER SHOW auch in unserem Hause zu Gast. . . . und verzaubert vielleicht auch bald Sie!<\/p>\n<p>Sie erleben eine faszinierende B\u00fchnenshow aus erstklassiger Zauberei und wunderbarer Komik, zwischen den G\u00e4ngen unseres Mehrg\u00e4ng-Men\u00fc. Wenn Sie also einen unvergesslichen Abend mit Ihrem Partner, Ihrer Familie, Ihren Freunden oder Mitarbeitern verbringen m\u00f6chten, d\u00fcrfen Sie sich dieses erstklassige Showerlebnis nicht entgehen lassen.<\/p>\n<p>Es gibt nur eine begrenzte Anzahl an Tickets &#8211; sichern Sie sich jetzt unbedingt Ihre!<\/p>","protected":false},"excerpt":{"rendered":"<h3>Einlass: 17:30 Uhr, Beginn: 18:00 Uhr<\/h3>\n<p>Sie erleben eine faszinierende Show aus Zauberei und Komik, zwischen den G\u00e4ngen eines 3-Gang-Men\u00fcs. Wenn Sie einen unvergesslichen Abend mit Ihrer Familie, Freunden oder Mitarbeitern verbringen m\u00f6chten, d\u00fcrfen Sie sich dieses erstklassige Showerlebnis im Schaumburger-Ritter nicht entgehen lassen.<\/p>\n<p>Preis pro Person inkl. 3-Gang-Men\u00fc und Aperitif.<\/p>","protected":false},"featured_media":7642,"template":"","meta":{"site-sidebar-layout":"default","site-content-layout":"default","ast-site-content-layout":"default","site-content-style":"default","site-sidebar-style":"default","ast-global-header-display":"","ast-banner-title-visibility":"","ast-main-header-display":"","ast-hfb-above-header-display":"","ast-hfb-below-header-display":"","ast-hfb-mobile-header-display":"","site-post-title":"","ast-breadcrumbs-content":"","ast-featured-img":"","footer-sml-layout":"","ast-disable-related-posts":"","theme-transparent-header-meta":"default","adv-header-id-meta":"","stick-header-meta":"default","header-above-stick-meta":"","header-main-stick-meta":"","header-below-stick-meta":"","astra-migrate-meta-layouts":"set","ast-page-background-enabled":"default","ast-page-background-meta":{"desktop":{"background-color":"","background-image":"","background-repeat":"repeat","background-position":"center center","background-size":"auto","background-attachment":"scroll","background-type":"","background-media":"","overlay-type":"","overlay-color":"","overlay-opacity":"","overlay-gradient":""},"tablet":{"background-color":"","background-image":"","background-repeat":"repeat","background-position":"center center","background-size":"auto","background-attachment":"scroll","background-type":"","background-media":"","overlay-type":"","overlay-color":"","overlay-opacity":"","overlay-gradient":""},"mobile":{"background-color":"","background-image":"","background-repeat":"repeat","background-position":"center center","background-size":"auto","background-attachment":"scroll","background-type":"","background-media":"","overlay-type":"","overlay-color":"","overlay-opacity":"","overlay-gradient":""}},"ast-content-background-meta":{"desktop":{"background-color":"var(--ast-global-color-5)","background-image":"","background-repeat":"repeat","background-position":"center center","background-size":"auto","background-attachment":"scroll","background-type":"","background-media":"","overlay-type":"","overlay-color":"","overlay-opacity":"","overlay-gradient":""},"tablet":{"background-color":"var(--ast-global-color-5)","background-image":"","background-repeat":"repeat","background-position":"center center","background-size":"auto","background-attachment":"scroll","background-type":"","background-media":"","overlay-type":"","overlay-color":"","overlay-opacity":"","overlay-gradient":""},"mobile":{"background-color":"var(--ast-global-color-5)","background-image":"","background-repeat":"repeat","background-position":"center center","background-size":"auto","background-attachment":"scroll","background-type":"","background-media":"","overlay-type":"","overlay-color":"","overlay-opacity":"","overlay-gradient":""}}},"product_brand":[],"product_cat":[27],"product_tag":[],"class_list":{"0":"post-4806","1":"product","2":"type-product","3":"status-publish","4":"has-post-thumbnail","6":"product_cat-events","7":"desktop-align-left","8":"tablet-align-left","9":"mobile-align-left","10":"ast-product-gallery-layout-horizontal-slider","11":"ast-product-gallery-with-no-image","12":"ast-magnify-disabled","13":"ast-product-tabs-layout-horizontal","15":"first","16":"instock","17":"featured","18":"taxable","19":"shipping-taxable","20":"purchasable","21":"product-type-simple"},"_links":{"self":[{"href":"https:\/\/schaumburger-ritter.de\/en\/wp-json\/wp\/v2\/product\/4806","targetHints":{"allow":["GET"]}}],"collection":[{"href":"https:\/\/schaumburger-ritter.de\/en\/wp-json\/wp\/v2\/product"}],"about":[{"href":"https:\/\/schaumburger-ritter.de\/en\/wp-json\/wp\/v2\/types\/product"}],"wp:featuredmedia":[{"embeddable":true,"href":"https:\/\/schaumburger-ritter.de\/en\/wp-json\/wp\/v2\/media\/7642"}],"wp:attachment":[{"href":"https:\/\/schaumburger-ritter.de\/en\/wp-json\/wp\/v2\/media?parent=4806"}],"wp:term":[{"taxonomy":"product_brand","embeddable":true,"href":"https:\/\/schaumburger-ritter.de\/en\/wp-json\/wp\/v2\/product_brand?post=4806"},{"taxonomy":"product_cat","embeddable":true,"href":"https:\/\/schaumburger-ritter.de\/en\/wp-json\/wp\/v2\/product_cat?post=4806"},{"taxonomy":"product_tag","embeddable":true,"href":"https:\/\/schaumburger-ritter.de\/en\/wp-json\/wp\/v2\/product_tag?post=4806"}],"curies":[{"name":"wp","href":"https:\/\/api.w.org\/{rel}","templated":true}]}}