{"id":5831,"date":"2022-11-05T00:50:50","date_gmt":"2022-11-04T23:50:50","guid":{"rendered":"https:\/\/schaumburger-ritter.de\/?post_type=product&#038;p=5831"},"modified":"2026-02-08T19:12:18","modified_gmt":"2026-02-08T18:12:18","slug":"the-rock-christmas-dinnershow","status":"publish","type":"product","link":"https:\/\/schaumburger-ritter.de\/en\/product\/the-rock-christmas-dinnershow\/","title":{"rendered":"The Rock Christmas Dinnershow &#8211; 05.12.2026"},"content":{"rendered":"<p class=\"p2\"><strong>Rockig-poppige Weihnachtsstimmung<\/strong><\/p>\n<p class=\"p3\">Es duftet nach Bratenso\u00dfe und frischen Kn\u00f6deln, der Tisch ist festlich gedeckt und um Sieherum tr\u00e4gt jeder ein L\u00e4cheln im Gesicht. Nein, es ist noch nicht der 24. Dezember. Aber Sie sitzen beim besinnlichen Rock Christmas Dinner, bei dem Sie selbst keinen Finger kr\u00fcmmen m\u00fcssen. Ermuntert l\u00e4sst sich feststellen, dass mittlerweile jedes dritte Hotel und jedes zweiteRestaurant Erlebnis-Dinner im Kulturprogramm haben. Kein Wunder, denn was k\u00f6nnte es besseres geben, als den Gaumen w\u00e4hrend einer Live-Show mit K\u00f6stlichkeiten verw\u00f6hnen zulassen?<\/p>\n<p class=\"p3\">Nun wird mit dem Rock Christmas Dinner eine v\u00f6llig neue Etappe des beliebten Eventgenres eingel\u00e4utet. Gewohnt unterhaltsam, wie immer k\u00f6stlich. Dazu kommt noch die Verbindung von besinnlicher Weihnachtsatmosph\u00e4re mit der aufregenden Musik des Rock und Pop.<\/p>\n<p class=\"p3\">H\u00f6ren und erleben Sie ein Showprogramm mit den absoluten Klassikern wie \u201eLast Christmas\u201c, \u201eFeliz Navidad\u201c, \u201eWhite Christmas\u201c, \u201eRudolph, The Red-Nosed Reindeer\u201c,\u201eFrosty The Snowman\u201c und und und \u2026\u2026<\/p>\n<p class=\"p3\">Zur Dinnershow servieren wir Ihnen in einem exklusiven Rahmen ein 4-Gang-Men\u00fc f\u00fcrFeinschmecker mit exquisiten Speisen. Dieses au\u00dfergew\u00f6hnliche Erlebnis, die Kombination von Kunst und Kulinaria, pr\u00e4sentieren wir Ihnen im Hotel Schaumburger Ritter, denn heute speisen Sie als unser Gast auf den Brettern die die Welt bedeuten.<\/p>\n<p class=\"p3\">Da sind Geschmacksexplosionen vorprogrammiert. Wenn auch Sie sich dieses Jahr schonfr\u00fcher auf den Heiligen Abend einstimmen wollen, sollten Sie das Rock Christmas Dinner auf gar keinen Fall verpassen.<\/p>\n<p class=\"p3\">Sichern Sie sich jetzt Tickets f\u00fcr ein unvergessliches Vorweihnachtsessen!<\/p>","protected":false},"excerpt":{"rendered":"<h3>inkl. 4-Gang-Men\u00fc &amp;\u00a0Aperitif<\/h3>\n<p>Einlass 17:00 Uhr, Beginn 17:30 Uhr, Preis pro Person<\/p>","protected":false},"featured_media":5832,"template":"","meta":{"site-sidebar-layout":"default","site-content-layout":"default","ast-site-content-layout":"default","site-content-style":"default","site-sidebar-style":"default","ast-global-header-display":"","ast-banner-title-visibility":"","ast-main-header-display":"","ast-hfb-above-header-display":"","ast-hfb-below-header-display":"","ast-hfb-mobile-header-display":"","site-post-title":"","ast-breadcrumbs-content":"","ast-featured-img":"","footer-sml-layout":"","ast-disable-related-posts":"","theme-transparent-header-meta":"default","adv-header-id-meta":"","stick-header-meta":"default","header-above-stick-meta":"","header-main-stick-meta":"","header-below-stick-meta":"","astra-migrate-meta-layouts":"set","ast-page-background-enabled":"default","ast-page-background-meta":{"desktop":{"background-color":"","background-image":"","background-repeat":"repeat","background-position":"center center","background-size":"auto","background-attachment":"scroll","background-type":"","background-media":"","overlay-type":"","overlay-color":"","overlay-opacity":"","overlay-gradient":""},"tablet":{"background-color":"","background-image":"","background-repeat":"repeat","background-position":"center center","background-size":"auto","background-attachment":"scroll","background-type":"","background-media":"","overlay-type":"","overlay-color":"","overlay-opacity":"","overlay-gradient":""},"mobile":{"background-color":"","background-image":"","background-repeat":"repeat","background-position":"center center","background-size":"auto","background-attachment":"scroll","background-type":"","background-media":"","overlay-type":"","overlay-color":"","overlay-opacity":"","overlay-gradient":""}},"ast-content-background-meta":{"desktop":{"background-color":"var(--ast-global-color-5)","background-image":"","background-repeat":"repeat","background-position":"center center","background-size":"auto","background-attachment":"scroll","background-type":"","background-media":"","overlay-type":"","overlay-color":"","overlay-opacity":"","overlay-gradient":""},"tablet":{"background-color":"var(--ast-global-color-5)","background-image":"","background-repeat":"repeat","background-position":"center center","background-size":"auto","background-attachment":"scroll","background-type":"","background-media":"","overlay-type":"","overlay-color":"","overlay-opacity":"","overlay-gradient":""},"mobile":{"background-color":"var(--ast-global-color-5)","background-image":"","background-repeat":"repeat","background-position":"center center","background-size":"auto","background-attachment":"scroll","background-type":"","background-media":"","overlay-type":"","overlay-color":"","overlay-opacity":"","overlay-gradient":""}}},"product_brand":[],"product_cat":[27],"product_tag":[],"class_list":{"0":"post-5831","1":"product","2":"type-product","3":"status-publish","4":"has-post-thumbnail","6":"product_cat-events","7":"desktop-align-left","8":"tablet-align-left","9":"mobile-align-left","10":"ast-product-gallery-layout-horizontal-slider","11":"ast-product-gallery-with-no-image","12":"ast-magnify-disabled","13":"ast-product-tabs-layout-horizontal","15":"first","16":"instock","17":"featured","18":"taxable","19":"shipping-taxable","20":"purchasable","21":"product-type-simple"},"_links":{"self":[{"href":"https:\/\/schaumburger-ritter.de\/en\/wp-json\/wp\/v2\/product\/5831","targetHints":{"allow":["GET"]}}],"collection":[{"href":"https:\/\/schaumburger-ritter.de\/en\/wp-json\/wp\/v2\/product"}],"about":[{"href":"https:\/\/schaumburger-ritter.de\/en\/wp-json\/wp\/v2\/types\/product"}],"wp:featuredmedia":[{"embeddable":true,"href":"https:\/\/schaumburger-ritter.de\/en\/wp-json\/wp\/v2\/media\/5832"}],"wp:attachment":[{"href":"https:\/\/schaumburger-ritter.de\/en\/wp-json\/wp\/v2\/media?parent=5831"}],"wp:term":[{"taxonomy":"product_brand","embeddable":true,"href":"https:\/\/schaumburger-ritter.de\/en\/wp-json\/wp\/v2\/product_brand?post=5831"},{"taxonomy":"product_cat","embeddable":true,"href":"https:\/\/schaumburger-ritter.de\/en\/wp-json\/wp\/v2\/product_cat?post=5831"},{"taxonomy":"product_tag","embeddable":true,"href":"https:\/\/schaumburger-ritter.de\/en\/wp-json\/wp\/v2\/product_tag?post=5831"}],"curies":[{"name":"wp","href":"https:\/\/api.w.org\/{rel}","templated":true}]}}