{"id":6546,"date":"2023-11-14T23:39:58","date_gmt":"2023-11-14T22:39:58","guid":{"rendered":"https:\/\/schaumburger-ritter.de\/?post_type=product&#038;p=6546"},"modified":"2026-04-03T14:30:53","modified_gmt":"2026-04-03T12:30:53","slug":"krimidinner-behoerdenmord","status":"publish","type":"product","link":"https:\/\/schaumburger-ritter.de\/en\/product\/krimidinner-behoerdenmord\/","title":{"rendered":"Krimidinner &#8211; Beh\u00f6rdenmord &#8211; 28.02.2027"},"content":{"rendered":"<p style=\"font-weight: 400;\"><strong>Ein Beh\u00f6rdenmord Comedy-Krimi vom Theater ik\u00b4s aus Hamburg<\/strong><\/p>\n<p style=\"font-weight: 400;\">Keiner hat es bisher gemerkt: Die Beh\u00f6rden werden b\u00fcrgern\u00e4her! Das hei\u00dft in der Praxis, die B\u00fcrger gehen nicht mehr zum Amt, sondern das Amt geht zum B\u00fcrger. Das Ordnungsamt samt Mobiliar, Akten und seiner wichtigsten Mitarbeiter kommt zu Ihnen.<\/p>\n<p style=\"font-weight: 400;\">Leider haben sich die angek\u00fcndigten Beamten Herr Trapp, Frau Nordmann (mittlerer Dienst) sowie Herr Hardler und Frau Nordmann (einfacher Dienst) noch nicht an die neuen Gegebenheiten gew\u00f6hnt. Und so sind Stress, Streit und Kompetenzgerangel vorprogrammiert. Und auf einmal wird einer der Beamten mit einem Aktenordner erschlagen\u2026 Das war Mord, Mord in der Beh\u00f6rde!<\/p>","protected":false},"excerpt":{"rendered":"<h3><strong>Sonntag, 28.02.2027<\/strong><\/h3>\n<p><strong>Einlass 17:00 Uhr, Beginn: 17:30 Uhr, <\/strong>Ein Krimidinner inkl. 4-Gang Men\u00fc &amp; Aperitif<\/p>","protected":false},"featured_media":6547,"template":"","meta":{"site-sidebar-layout":"default","site-content-layout":"default","ast-site-content-layout":"default","site-content-style":"default","site-sidebar-style":"default","ast-global-header-display":"","ast-banner-title-visibility":"","ast-main-header-display":"","ast-hfb-above-header-display":"","ast-hfb-below-header-display":"","ast-hfb-mobile-header-display":"","site-post-title":"","ast-breadcrumbs-content":"","ast-featured-img":"","footer-sml-layout":"","ast-disable-related-posts":"","theme-transparent-header-meta":"default","adv-header-id-meta":"","stick-header-meta":"default","header-above-stick-meta":"","header-main-stick-meta":"","header-below-stick-meta":"","astra-migrate-meta-layouts":"set","ast-page-background-enabled":"default","ast-page-background-meta":{"desktop":{"background-color":"","background-image":"","background-repeat":"repeat","background-position":"center center","background-size":"auto","background-attachment":"scroll","background-type":"","background-media":"","overlay-type":"","overlay-color":"","overlay-opacity":"","overlay-gradient":""},"tablet":{"background-color":"","background-image":"","background-repeat":"repeat","background-position":"center center","background-size":"auto","background-attachment":"scroll","background-type":"","background-media":"","overlay-type":"","overlay-color":"","overlay-opacity":"","overlay-gradient":""},"mobile":{"background-color":"","background-image":"","background-repeat":"repeat","background-position":"center center","background-size":"auto","background-attachment":"scroll","background-type":"","background-media":"","overlay-type":"","overlay-color":"","overlay-opacity":"","overlay-gradient":""}},"ast-content-background-meta":{"desktop":{"background-color":"var(--ast-global-color-5)","background-image":"","background-repeat":"repeat","background-position":"center center","background-size":"auto","background-attachment":"scroll","background-type":"","background-media":"","overlay-type":"","overlay-color":"","overlay-opacity":"","overlay-gradient":""},"tablet":{"background-color":"var(--ast-global-color-5)","background-image":"","background-repeat":"repeat","background-position":"center center","background-size":"auto","background-attachment":"scroll","background-type":"","background-media":"","overlay-type":"","overlay-color":"","overlay-opacity":"","overlay-gradient":""},"mobile":{"background-color":"var(--ast-global-color-5)","background-image":"","background-repeat":"repeat","background-position":"center center","background-size":"auto","background-attachment":"scroll","background-type":"","background-media":"","overlay-type":"","overlay-color":"","overlay-opacity":"","overlay-gradient":""}}},"product_brand":[],"product_cat":[27],"product_tag":[],"class_list":{"0":"post-6546","1":"product","2":"type-product","3":"status-publish","4":"has-post-thumbnail","6":"product_cat-events","7":"desktop-align-left","8":"tablet-align-left","9":"mobile-align-left","10":"ast-product-gallery-layout-horizontal-slider","11":"ast-product-gallery-with-no-image","12":"ast-magnify-disabled","13":"ast-product-tabs-layout-horizontal","15":"first","16":"instock","17":"featured","18":"taxable","19":"shipping-taxable","20":"purchasable","21":"product-type-simple"},"_links":{"self":[{"href":"https:\/\/schaumburger-ritter.de\/en\/wp-json\/wp\/v2\/product\/6546","targetHints":{"allow":["GET"]}}],"collection":[{"href":"https:\/\/schaumburger-ritter.de\/en\/wp-json\/wp\/v2\/product"}],"about":[{"href":"https:\/\/schaumburger-ritter.de\/en\/wp-json\/wp\/v2\/types\/product"}],"wp:featuredmedia":[{"embeddable":true,"href":"https:\/\/schaumburger-ritter.de\/en\/wp-json\/wp\/v2\/media\/6547"}],"wp:attachment":[{"href":"https:\/\/schaumburger-ritter.de\/en\/wp-json\/wp\/v2\/media?parent=6546"}],"wp:term":[{"taxonomy":"product_brand","embeddable":true,"href":"https:\/\/schaumburger-ritter.de\/en\/wp-json\/wp\/v2\/product_brand?post=6546"},{"taxonomy":"product_cat","embeddable":true,"href":"https:\/\/schaumburger-ritter.de\/en\/wp-json\/wp\/v2\/product_cat?post=6546"},{"taxonomy":"product_tag","embeddable":true,"href":"https:\/\/schaumburger-ritter.de\/en\/wp-json\/wp\/v2\/product_tag?post=6546"}],"curies":[{"name":"wp","href":"https:\/\/api.w.org\/{rel}","templated":true}]}}