{"id":6791,"date":"2024-01-19T12:40:24","date_gmt":"2024-01-19T11:40:24","guid":{"rendered":"https:\/\/schaumburger-ritter.de\/?post_type=product&#038;p=6791"},"modified":"2026-04-03T14:28:29","modified_gmt":"2026-04-03T12:28:29","slug":"mord-in-der-haifischbar-2","status":"publish","type":"product","link":"https:\/\/schaumburger-ritter.de\/en\/product\/mord-in-der-haifischbar-2\/","title":{"rendered":"Krimidinner &#8211; Mord in der Haifischbar &#8211; 11.01.2027"},"content":{"rendered":"<h4>Hamburg &#8211; St. Pauli im Jahre 1965: In der Haifischbar wird gesungen, getanzt und gefeiert!<\/h4>\n<p>Man findet in dieser Kneipe eine Rosenverk\u00e4uferin, Seem\u00e4nner, leichte M\u00e4dchen, eine dicke singende Barfrau und zwielichtige Herren. Mitten in dem turbulenten Treiben wird der Zuh\u00e4lter Danzinger erdrosselt. War es seine \u201eFreundin\u201c Moni? Oder steckt etwa der Wirt Hugo dahinter? Und wieso schaut die Rosenverk\u00e4uferin so unschuldig? Gott sei Dank kommt Wachtmeister Lothar zur rechten Zeit in die Haifischbar.<\/p>\n<p>Preis pro Ticket.<\/p>","protected":false},"excerpt":{"rendered":"<h3>So. 11.01.27<\/h3>\n<p><strong>Einlass 17:00 Uhr, Beginn: 17:30 Uhr, <\/strong>Ein Krimidinner inkl. 4-Gang Men\u00fc &amp; Aperitif<\/p>","protected":false},"featured_media":3785,"template":"","meta":{"site-sidebar-layout":"default","site-content-layout":"default","ast-site-content-layout":"default","site-content-style":"default","site-sidebar-style":"default","ast-global-header-display":"","ast-banner-title-visibility":"","ast-main-header-display":"","ast-hfb-above-header-display":"","ast-hfb-below-header-display":"","ast-hfb-mobile-header-display":"","site-post-title":"","ast-breadcrumbs-content":"","ast-featured-img":"","footer-sml-layout":"","ast-disable-related-posts":"","theme-transparent-header-meta":"default","adv-header-id-meta":"","stick-header-meta":"default","header-above-stick-meta":"","header-main-stick-meta":"","header-below-stick-meta":"","astra-migrate-meta-layouts":"set","ast-page-background-enabled":"default","ast-page-background-meta":{"desktop":{"background-color":"","background-image":"","background-repeat":"repeat","background-position":"center center","background-size":"auto","background-attachment":"scroll","background-type":"","background-media":"","overlay-type":"","overlay-color":"","overlay-opacity":"","overlay-gradient":""},"tablet":{"background-color":"","background-image":"","background-repeat":"repeat","background-position":"center center","background-size":"auto","background-attachment":"scroll","background-type":"","background-media":"","overlay-type":"","overlay-color":"","overlay-opacity":"","overlay-gradient":""},"mobile":{"background-color":"","background-image":"","background-repeat":"repeat","background-position":"center center","background-size":"auto","background-attachment":"scroll","background-type":"","background-media":"","overlay-type":"","overlay-color":"","overlay-opacity":"","overlay-gradient":""}},"ast-content-background-meta":{"desktop":{"background-color":"var(--ast-global-color-5)","background-image":"","background-repeat":"repeat","background-position":"center center","background-size":"auto","background-attachment":"scroll","background-type":"","background-media":"","overlay-type":"","overlay-color":"","overlay-opacity":"","overlay-gradient":""},"tablet":{"background-color":"var(--ast-global-color-5)","background-image":"","background-repeat":"repeat","background-position":"center center","background-size":"auto","background-attachment":"scroll","background-type":"","background-media":"","overlay-type":"","overlay-color":"","overlay-opacity":"","overlay-gradient":""},"mobile":{"background-color":"var(--ast-global-color-5)","background-image":"","background-repeat":"repeat","background-position":"center center","background-size":"auto","background-attachment":"scroll","background-type":"","background-media":"","overlay-type":"","overlay-color":"","overlay-opacity":"","overlay-gradient":""}}},"product_brand":[],"product_cat":[27],"product_tag":[],"class_list":{"0":"post-6791","1":"product","2":"type-product","3":"status-publish","4":"has-post-thumbnail","6":"product_cat-events","7":"desktop-align-left","8":"tablet-align-left","9":"mobile-align-left","10":"ast-product-gallery-layout-horizontal-slider","11":"ast-product-gallery-with-no-image","12":"ast-magnify-disabled","13":"ast-product-tabs-layout-horizontal","15":"first","16":"instock","17":"featured","18":"taxable","19":"shipping-taxable","20":"purchasable","21":"product-type-simple"},"_links":{"self":[{"href":"https:\/\/schaumburger-ritter.de\/en\/wp-json\/wp\/v2\/product\/6791","targetHints":{"allow":["GET"]}}],"collection":[{"href":"https:\/\/schaumburger-ritter.de\/en\/wp-json\/wp\/v2\/product"}],"about":[{"href":"https:\/\/schaumburger-ritter.de\/en\/wp-json\/wp\/v2\/types\/product"}],"wp:featuredmedia":[{"embeddable":true,"href":"https:\/\/schaumburger-ritter.de\/en\/wp-json\/wp\/v2\/media\/3785"}],"wp:attachment":[{"href":"https:\/\/schaumburger-ritter.de\/en\/wp-json\/wp\/v2\/media?parent=6791"}],"wp:term":[{"taxonomy":"product_brand","embeddable":true,"href":"https:\/\/schaumburger-ritter.de\/en\/wp-json\/wp\/v2\/product_brand?post=6791"},{"taxonomy":"product_cat","embeddable":true,"href":"https:\/\/schaumburger-ritter.de\/en\/wp-json\/wp\/v2\/product_cat?post=6791"},{"taxonomy":"product_tag","embeddable":true,"href":"https:\/\/schaumburger-ritter.de\/en\/wp-json\/wp\/v2\/product_tag?post=6791"}],"curies":[{"name":"wp","href":"https:\/\/api.w.org\/{rel}","templated":true}]}}