{"id":7941,"date":"2026-04-01T01:18:00","date_gmt":"2026-03-31T23:18:00","guid":{"rendered":"https:\/\/schaumburger-ritter.de\/?post_type=product&#038;p=7941"},"modified":"2026-04-03T13:55:12","modified_gmt":"2026-04-03T11:55:12","slug":"gin-tasting","status":"publish","type":"product","link":"https:\/\/schaumburger-ritter.de\/en\/product\/gin-tasting\/","title":{"rendered":"Gin-Tasting &#8211; 17.07.2026"},"content":{"rendered":"<p data-start=\"89\" data-end=\"166\"><strong data-start=\"89\" data-end=\"164\">Gin Tasting im Schaumburger Ritter \u2013 Aromavielfalt entdecken &amp; genie\u00dfen<\/strong><\/p>\n<p data-start=\"168\" data-end=\"432\">Gin ist l\u00e4ngst mehr als nur ein Klassiker \u2013 er begeistert heute durch eine enorme Vielfalt an Aromen und Stilrichtungen. Doch was unterscheidet die einzelnen Sorten wirklich? Welche Botanicals pr\u00e4gen den Geschmack und worauf kommt es bei einem hochwertigen Gin an?<\/p>\n<p data-start=\"434\" data-end=\"744\">Bei unserem Gin Tasting im Schaumburger Ritter erhalten Sie spannende Einblicke in die Welt dieses besonderen Destillats. Entdecken Sie unterschiedliche Gin-Variationen, lernen Sie die feinen Nuancen kennen und tauchen Sie ein in faszinierende Geschmackswelten \u2013 von frisch und fruchtig bis w\u00fcrzig und komplex.<\/p>\n<p data-start=\"746\" data-end=\"1036\">Begleitet wird das Tasting von einem sorgf\u00e4ltig abgestimmten 4-Gang-Men\u00fc, das die Aromen der verkosteten Gins perfekt erg\u00e4nzt und den Abend kulinarisch abrundet. Freuen Sie sich auf einen genussvollen Abend in stilvoller Atmosph\u00e4re, der Wissen, Geschmack und Erlebnis miteinander verbindet.<\/p>\n<p data-start=\"1038\" data-end=\"1130\">Ideal f\u00fcr Genie\u00dfer, Gin-Liebhaber und alle, die neue Geschmackserlebnisse entdecken m\u00f6chten.<\/p>","protected":false},"excerpt":{"rendered":"<h3>Beginn 19:00 Uhr<\/h3>\n<p>inkl. 4-Gang-Men\u00fc, Preis pro Person<\/p>","protected":false},"featured_media":6551,"template":"","meta":{"site-sidebar-layout":"default","site-content-layout":"default","ast-site-content-layout":"default","site-content-style":"default","site-sidebar-style":"default","ast-global-header-display":"","ast-banner-title-visibility":"","ast-main-header-display":"","ast-hfb-above-header-display":"","ast-hfb-below-header-display":"","ast-hfb-mobile-header-display":"","site-post-title":"","ast-breadcrumbs-content":"","ast-featured-img":"","footer-sml-layout":"","ast-disable-related-posts":"","theme-transparent-header-meta":"default","adv-header-id-meta":"","stick-header-meta":"default","header-above-stick-meta":"","header-main-stick-meta":"","header-below-stick-meta":"","astra-migrate-meta-layouts":"set","ast-page-background-enabled":"default","ast-page-background-meta":{"desktop":{"background-color":"","background-image":"","background-repeat":"repeat","background-position":"center center","background-size":"auto","background-attachment":"scroll","background-type":"","background-media":"","overlay-type":"","overlay-color":"","overlay-opacity":"","overlay-gradient":""},"tablet":{"background-color":"","background-image":"","background-repeat":"repeat","background-position":"center center","background-size":"auto","background-attachment":"scroll","background-type":"","background-media":"","overlay-type":"","overlay-color":"","overlay-opacity":"","overlay-gradient":""},"mobile":{"background-color":"","background-image":"","background-repeat":"repeat","background-position":"center center","background-size":"auto","background-attachment":"scroll","background-type":"","background-media":"","overlay-type":"","overlay-color":"","overlay-opacity":"","overlay-gradient":""}},"ast-content-background-meta":{"desktop":{"background-color":"var(--ast-global-color-5)","background-image":"","background-repeat":"repeat","background-position":"center center","background-size":"auto","background-attachment":"scroll","background-type":"","background-media":"","overlay-type":"","overlay-color":"","overlay-opacity":"","overlay-gradient":""},"tablet":{"background-color":"var(--ast-global-color-5)","background-image":"","background-repeat":"repeat","background-position":"center center","background-size":"auto","background-attachment":"scroll","background-type":"","background-media":"","overlay-type":"","overlay-color":"","overlay-opacity":"","overlay-gradient":""},"mobile":{"background-color":"var(--ast-global-color-5)","background-image":"","background-repeat":"repeat","background-position":"center center","background-size":"auto","background-attachment":"scroll","background-type":"","background-media":"","overlay-type":"","overlay-color":"","overlay-opacity":"","overlay-gradient":""}}},"product_brand":[],"product_cat":[27],"product_tag":[],"class_list":{"0":"post-7941","1":"product","2":"type-product","3":"status-publish","4":"has-post-thumbnail","6":"product_cat-events","7":"desktop-align-left","8":"tablet-align-left","9":"mobile-align-left","10":"ast-product-gallery-layout-horizontal-slider","11":"ast-product-gallery-with-no-image","12":"ast-magnify-disabled","13":"ast-product-tabs-layout-horizontal","15":"first","16":"instock","17":"featured","18":"taxable","19":"shipping-taxable","20":"purchasable","21":"product-type-simple"},"_links":{"self":[{"href":"https:\/\/schaumburger-ritter.de\/en\/wp-json\/wp\/v2\/product\/7941","targetHints":{"allow":["GET"]}}],"collection":[{"href":"https:\/\/schaumburger-ritter.de\/en\/wp-json\/wp\/v2\/product"}],"about":[{"href":"https:\/\/schaumburger-ritter.de\/en\/wp-json\/wp\/v2\/types\/product"}],"wp:featuredmedia":[{"embeddable":true,"href":"https:\/\/schaumburger-ritter.de\/en\/wp-json\/wp\/v2\/media\/6551"}],"wp:attachment":[{"href":"https:\/\/schaumburger-ritter.de\/en\/wp-json\/wp\/v2\/media?parent=7941"}],"wp:term":[{"taxonomy":"product_brand","embeddable":true,"href":"https:\/\/schaumburger-ritter.de\/en\/wp-json\/wp\/v2\/product_brand?post=7941"},{"taxonomy":"product_cat","embeddable":true,"href":"https:\/\/schaumburger-ritter.de\/en\/wp-json\/wp\/v2\/product_cat?post=7941"},{"taxonomy":"product_tag","embeddable":true,"href":"https:\/\/schaumburger-ritter.de\/en\/wp-json\/wp\/v2\/product_tag?post=7941"}],"curies":[{"name":"wp","href":"https:\/\/api.w.org\/{rel}","templated":true}]}}