{"id":8066,"date":"2025-10-07T03:16:12","date_gmt":"2025-10-07T01:16:12","guid":{"rendered":"https:\/\/schaumburger-ritter.de\/?post_type=product&#038;p=8066"},"modified":"2026-03-30T16:31:15","modified_gmt":"2026-03-30T14:31:15","slug":"20-jahre-schaumburger-ritter-die-jubilaeumsparty","status":"publish","type":"product","link":"https:\/\/schaumburger-ritter.de\/en\/product\/20-jahre-schaumburger-ritter-die-jubilaeumsparty\/","title":{"rendered":"20 Jahre Schaumburger Ritter &#8211; Die Jubil\u00e4ums-Hausparty"},"content":{"rendered":"<p data-start=\"118\" data-end=\"318\">Seit zwei Jahrzehnten steht der Schaumburger Ritter f\u00fcr Genuss, Gastfreundschaft und besondere Momente \u2013 und das m\u00f6chten wir mit Ihnen feiern!<\/p>\n<p data-start=\"320\" data-end=\"554\">Am <strong data-start=\"323\" data-end=\"340\">13. Juni 2026<\/strong> laden wir herzlich zu unserem gro\u00dfen Jubil\u00e4umsabend ein. Freuen Sie sich auf ein festliches Men\u00fc, erlesene Weine, musikalische Unterhaltung und viele kleine \u00dcberraschungen, die diesen Abend unvergesslich machen.<\/p>\n<p data-start=\"556\" data-end=\"637\"><strong data-start=\"556\" data-end=\"579\">Beginn ab 17:00 Uhr<\/strong><br data-start=\"579\" data-end=\"582\" \/><strong data-start=\"582\" data-end=\"635\">\u20ac 125,00 pro Person \u2013 All inclusive<\/strong><\/p>\n<p data-start=\"639\" data-end=\"746\">Seien Sie dabei, wenn wir auf 20 genussvolle Jahre zur\u00fcckblicken \u2013 und gemeinsam in die Zukunft ansto\u00dfen!<\/p>","protected":false},"excerpt":{"rendered":"<h3>13.06.2026 um 17 Uhr<\/h3>\n<p>Preis pro Person<\/p>","protected":false},"featured_media":8067,"template":"","meta":{"site-sidebar-layout":"default","site-content-layout":"default","ast-site-content-layout":"default","site-content-style":"default","site-sidebar-style":"default","ast-global-header-display":"","ast-banner-title-visibility":"","ast-main-header-display":"","ast-hfb-above-header-display":"","ast-hfb-below-header-display":"","ast-hfb-mobile-header-display":"","site-post-title":"","ast-breadcrumbs-content":"","ast-featured-img":"","footer-sml-layout":"","ast-disable-related-posts":"","theme-transparent-header-meta":"default","adv-header-id-meta":"","stick-header-meta":"default","header-above-stick-meta":"","header-main-stick-meta":"","header-below-stick-meta":"","astra-migrate-meta-layouts":"set","ast-page-background-enabled":"default","ast-page-background-meta":{"desktop":{"background-color":"","background-image":"","background-repeat":"repeat","background-position":"center center","background-size":"auto","background-attachment":"scroll","background-type":"","background-media":"","overlay-type":"","overlay-color":"","overlay-opacity":"","overlay-gradient":""},"tablet":{"background-color":"","background-image":"","background-repeat":"repeat","background-position":"center center","background-size":"auto","background-attachment":"scroll","background-type":"","background-media":"","overlay-type":"","overlay-color":"","overlay-opacity":"","overlay-gradient":""},"mobile":{"background-color":"","background-image":"","background-repeat":"repeat","background-position":"center center","background-size":"auto","background-attachment":"scroll","background-type":"","background-media":"","overlay-type":"","overlay-color":"","overlay-opacity":"","overlay-gradient":""}},"ast-content-background-meta":{"desktop":{"background-color":"var(--ast-global-color-5)","background-image":"","background-repeat":"repeat","background-position":"center center","background-size":"auto","background-attachment":"scroll","background-type":"","background-media":"","overlay-type":"","overlay-color":"","overlay-opacity":"","overlay-gradient":""},"tablet":{"background-color":"var(--ast-global-color-5)","background-image":"","background-repeat":"repeat","background-position":"center center","background-size":"auto","background-attachment":"scroll","background-type":"","background-media":"","overlay-type":"","overlay-color":"","overlay-opacity":"","overlay-gradient":""},"mobile":{"background-color":"var(--ast-global-color-5)","background-image":"","background-repeat":"repeat","background-position":"center center","background-size":"auto","background-attachment":"scroll","background-type":"","background-media":"","overlay-type":"","overlay-color":"","overlay-opacity":"","overlay-gradient":""}}},"product_brand":[],"product_cat":[27],"product_tag":[],"class_list":{"0":"post-8066","1":"product","2":"type-product","3":"status-publish","4":"has-post-thumbnail","6":"product_cat-events","7":"desktop-align-left","8":"tablet-align-left","9":"mobile-align-left","11":"first","12":"outofstock","13":"featured","14":"taxable","15":"shipping-taxable","16":"purchasable","17":"product-type-simple"},"_links":{"self":[{"href":"https:\/\/schaumburger-ritter.de\/en\/wp-json\/wp\/v2\/product\/8066","targetHints":{"allow":["GET"]}}],"collection":[{"href":"https:\/\/schaumburger-ritter.de\/en\/wp-json\/wp\/v2\/product"}],"about":[{"href":"https:\/\/schaumburger-ritter.de\/en\/wp-json\/wp\/v2\/types\/product"}],"wp:featuredmedia":[{"embeddable":true,"href":"https:\/\/schaumburger-ritter.de\/en\/wp-json\/wp\/v2\/media\/8067"}],"wp:attachment":[{"href":"https:\/\/schaumburger-ritter.de\/en\/wp-json\/wp\/v2\/media?parent=8066"}],"wp:term":[{"taxonomy":"product_brand","embeddable":true,"href":"https:\/\/schaumburger-ritter.de\/en\/wp-json\/wp\/v2\/product_brand?post=8066"},{"taxonomy":"product_cat","embeddable":true,"href":"https:\/\/schaumburger-ritter.de\/en\/wp-json\/wp\/v2\/product_cat?post=8066"},{"taxonomy":"product_tag","embeddable":true,"href":"https:\/\/schaumburger-ritter.de\/en\/wp-json\/wp\/v2\/product_tag?post=8066"}],"curies":[{"name":"wp","href":"https:\/\/api.w.org\/{rel}","templated":true}]}}