{"id":8113,"date":"2025-10-26T22:28:14","date_gmt":"2025-10-26T21:28:14","guid":{"rendered":"https:\/\/schaumburger-ritter.de\/?post_type=product&#038;p=8113"},"modified":"2026-03-12T23:34:19","modified_gmt":"2026-03-12T22:34:19","slug":"baerlauch-kochkurs-11-04-2026","status":"publish","type":"product","link":"https:\/\/schaumburger-ritter.de\/en\/product\/baerlauch-kochkurs-11-04-2026\/","title":{"rendered":"B\u00e4rlauch-Kochkurs &#8211; 11.04.2026"},"content":{"rendered":"<p data-start=\"126\" data-end=\"511\"><strong data-start=\"126\" data-end=\"189\">B\u00e4rlauch-Kochkurs \u2013 Fr\u00fchlingsk\u00fcche mit Aroma und Raffinesse<\/strong><br data-start=\"189\" data-end=\"192\" \/>Entdecken Sie die Vielfalt des B\u00e4rlauchs! In diesem saisonalen Kochkurs dreht sich alles um das gr\u00fcne Wildkraut, das mit seinem feinen Knoblaucharoma den Fr\u00fchling auf den Teller bringt. Gemeinsam zaubern wir kreative Gerichte \u2013 von aromatischen Suppen \u00fcber raffinierte Pastagerichte bis hin zu feinen Dips und Pestos.<\/p>\n<p data-start=\"513\" data-end=\"642\">Erleben Sie, wie vielseitig B\u00e4rlauch in der K\u00fcche eingesetzt werden kann, und genie\u00dfen Sie Ihre Kreationen in geselliger Runde.<\/p>\n<p data-start=\"644\" data-end=\"718\"><strong data-start=\"644\" data-end=\"716\">Ein duftendes Geschmackserlebnis f\u00fcr alle Genie\u00dfer \u2013 jetzt anmelden!<\/strong><\/p>","protected":false},"excerpt":{"rendered":"<h3>Sa. 11.04.2026 ab 14:30 Uhr<\/h3>\n<p class=\"p1\">Inkl. Rezeptmappe, Sch\u00fcrze und<span class=\"Apple-converted-space\">\u00a0<\/span>korrespondierenden Getr\u00e4nken. 99 \u20ac f\u00fcr Begleitperson (ohne Kochkurs)<span class=\"Apple-converted-space\">\u00a0<\/span>f\u00fcr das Men\u00fc und Getr\u00e4nke<span class=\"Apple-converted-space\">\u00a0<\/span><\/p>","protected":false},"featured_media":8117,"template":"","meta":{"site-sidebar-layout":"default","site-content-layout":"default","ast-site-content-layout":"default","site-content-style":"default","site-sidebar-style":"default","ast-global-header-display":"","ast-banner-title-visibility":"","ast-main-header-display":"","ast-hfb-above-header-display":"","ast-hfb-below-header-display":"","ast-hfb-mobile-header-display":"","site-post-title":"","ast-breadcrumbs-content":"","ast-featured-img":"","footer-sml-layout":"","ast-disable-related-posts":"","theme-transparent-header-meta":"default","adv-header-id-meta":"","stick-header-meta":"default","header-above-stick-meta":"","header-main-stick-meta":"","header-below-stick-meta":"","astra-migrate-meta-layouts":"set","ast-page-background-enabled":"default","ast-page-background-meta":{"desktop":{"background-color":"","background-image":"","background-repeat":"repeat","background-position":"center center","background-size":"auto","background-attachment":"scroll","background-type":"","background-media":"","overlay-type":"","overlay-color":"","overlay-opacity":"","overlay-gradient":""},"tablet":{"background-color":"","background-image":"","background-repeat":"repeat","background-position":"center center","background-size":"auto","background-attachment":"scroll","background-type":"","background-media":"","overlay-type":"","overlay-color":"","overlay-opacity":"","overlay-gradient":""},"mobile":{"background-color":"","background-image":"","background-repeat":"repeat","background-position":"center center","background-size":"auto","background-attachment":"scroll","background-type":"","background-media":"","overlay-type":"","overlay-color":"","overlay-opacity":"","overlay-gradient":""}},"ast-content-background-meta":{"desktop":{"background-color":"var(--ast-global-color-5)","background-image":"","background-repeat":"repeat","background-position":"center center","background-size":"auto","background-attachment":"scroll","background-type":"","background-media":"","overlay-type":"","overlay-color":"","overlay-opacity":"","overlay-gradient":""},"tablet":{"background-color":"var(--ast-global-color-5)","background-image":"","background-repeat":"repeat","background-position":"center center","background-size":"auto","background-attachment":"scroll","background-type":"","background-media":"","overlay-type":"","overlay-color":"","overlay-opacity":"","overlay-gradient":""},"mobile":{"background-color":"var(--ast-global-color-5)","background-image":"","background-repeat":"repeat","background-position":"center center","background-size":"auto","background-attachment":"scroll","background-type":"","background-media":"","overlay-type":"","overlay-color":"","overlay-opacity":"","overlay-gradient":""}}},"product_brand":[],"product_cat":[27],"product_tag":[],"class_list":{"0":"post-8113","1":"product","2":"type-product","3":"status-publish","4":"has-post-thumbnail","6":"product_cat-events","7":"desktop-align-left","8":"tablet-align-left","9":"mobile-align-left","10":"ast-product-gallery-layout-horizontal-slider","11":"ast-magnify-disabled","12":"ast-product-single-variable","13":"ast-product-tabs-layout-horizontal","15":"first","16":"instock","17":"featured","18":"taxable","19":"shipping-taxable","20":"purchasable","21":"product-type-variable"},"_links":{"self":[{"href":"https:\/\/schaumburger-ritter.de\/en\/wp-json\/wp\/v2\/product\/8113","targetHints":{"allow":["GET"]}}],"collection":[{"href":"https:\/\/schaumburger-ritter.de\/en\/wp-json\/wp\/v2\/product"}],"about":[{"href":"https:\/\/schaumburger-ritter.de\/en\/wp-json\/wp\/v2\/types\/product"}],"wp:featuredmedia":[{"embeddable":true,"href":"https:\/\/schaumburger-ritter.de\/en\/wp-json\/wp\/v2\/media\/8117"}],"wp:attachment":[{"href":"https:\/\/schaumburger-ritter.de\/en\/wp-json\/wp\/v2\/media?parent=8113"}],"wp:term":[{"taxonomy":"product_brand","embeddable":true,"href":"https:\/\/schaumburger-ritter.de\/en\/wp-json\/wp\/v2\/product_brand?post=8113"},{"taxonomy":"product_cat","embeddable":true,"href":"https:\/\/schaumburger-ritter.de\/en\/wp-json\/wp\/v2\/product_cat?post=8113"},{"taxonomy":"product_tag","embeddable":true,"href":"https:\/\/schaumburger-ritter.de\/en\/wp-json\/wp\/v2\/product_tag?post=8113"}],"curies":[{"name":"wp","href":"https:\/\/api.w.org\/{rel}","templated":true}]}}