{"id":8118,"date":"2025-10-26T22:34:59","date_gmt":"2025-10-26T21:34:59","guid":{"rendered":"https:\/\/schaumburger-ritter.de\/?post_type=product&#038;p=8118"},"modified":"2025-10-26T22:35:48","modified_gmt":"2025-10-26T21:35:48","slug":"gefluegel-kochkurs-24-10-2026","status":"publish","type":"product","link":"https:\/\/schaumburger-ritter.de\/en\/product\/gefluegel-kochkurs-24-10-2026\/","title":{"rendered":"Gefl\u00fcgel-Kochkurs &#8211; 24.10.2026"},"content":{"rendered":"<p data-start=\"81\" data-end=\"471\"><strong data-start=\"81\" data-end=\"137\">Gefl\u00fcgel-Kochkurs \u2013 Vielfalt &amp; Genuss aus der Pfanne<\/strong><br data-start=\"137\" data-end=\"140\" \/>Am <strong data-start=\"143\" data-end=\"163\">24. Oktober 2026<\/strong> dreht sich alles um feine Gefl\u00fcgelk\u00fcche! Entdecken Sie, wie vielseitig Huhn, Ente &amp; Co. zubereitet werden k\u00f6nnen \u2013 saftig, aromatisch und perfekt abgestimmt. Gemeinsam bereiten wir k\u00f6stliche Gerichte mit saisonalen Beilagen zu und lernen dabei wertvolle Tipps rund um Garzeiten, W\u00fcrzung und Kombinationen.<\/p>\n<p data-start=\"473\" data-end=\"588\">Zum Abschluss genie\u00dfen Sie Ihre eigenen Kreationen in gem\u00fctlicher Runde \u2013 nat\u00fcrlich mit passender Weinbegleitung.<\/p>\n<p data-start=\"590\" data-end=\"674\"><strong data-start=\"590\" data-end=\"674\">Ein Genusskurs f\u00fcr alle, die Gefl\u00fcgel lieben \u2013 jetzt anmelden und Platz sichern!<\/strong><\/p>","protected":false},"excerpt":{"rendered":"<h3>Sa. 24.10.2026 ab 14:30 Uhr<\/h3>\n<p class=\"p1\">Inkl. Rezeptmappe, Sch\u00fcrze und<span class=\"Apple-converted-space\">\u00a0<\/span>korrespondierenden Getr\u00e4nken. 99 \u20ac f\u00fcr Begleitperson (ohne Kochkurs)<span class=\"Apple-converted-space\">\u00a0<\/span>f\u00fcr das Men\u00fc und Getr\u00e4nke<span class=\"Apple-converted-space\">\u00a0<\/span><\/p>","protected":false},"featured_media":8121,"template":"","meta":{"site-sidebar-layout":"default","site-content-layout":"default","ast-site-content-layout":"default","site-content-style":"default","site-sidebar-style":"default","ast-global-header-display":"","ast-banner-title-visibility":"","ast-main-header-display":"","ast-hfb-above-header-display":"","ast-hfb-below-header-display":"","ast-hfb-mobile-header-display":"","site-post-title":"","ast-breadcrumbs-content":"","ast-featured-img":"","footer-sml-layout":"","ast-disable-related-posts":"","theme-transparent-header-meta":"default","adv-header-id-meta":"","stick-header-meta":"default","header-above-stick-meta":"","header-main-stick-meta":"","header-below-stick-meta":"","astra-migrate-meta-layouts":"set","ast-page-background-enabled":"default","ast-page-background-meta":{"desktop":{"background-color":"","background-image":"","background-repeat":"repeat","background-position":"center center","background-size":"auto","background-attachment":"scroll","background-type":"","background-media":"","overlay-type":"","overlay-color":"","overlay-opacity":"","overlay-gradient":""},"tablet":{"background-color":"","background-image":"","background-repeat":"repeat","background-position":"center center","background-size":"auto","background-attachment":"scroll","background-type":"","background-media":"","overlay-type":"","overlay-color":"","overlay-opacity":"","overlay-gradient":""},"mobile":{"background-color":"","background-image":"","background-repeat":"repeat","background-position":"center center","background-size":"auto","background-attachment":"scroll","background-type":"","background-media":"","overlay-type":"","overlay-color":"","overlay-opacity":"","overlay-gradient":""}},"ast-content-background-meta":{"desktop":{"background-color":"var(--ast-global-color-5)","background-image":"","background-repeat":"repeat","background-position":"center center","background-size":"auto","background-attachment":"scroll","background-type":"","background-media":"","overlay-type":"","overlay-color":"","overlay-opacity":"","overlay-gradient":""},"tablet":{"background-color":"var(--ast-global-color-5)","background-image":"","background-repeat":"repeat","background-position":"center center","background-size":"auto","background-attachment":"scroll","background-type":"","background-media":"","overlay-type":"","overlay-color":"","overlay-opacity":"","overlay-gradient":""},"mobile":{"background-color":"var(--ast-global-color-5)","background-image":"","background-repeat":"repeat","background-position":"center center","background-size":"auto","background-attachment":"scroll","background-type":"","background-media":"","overlay-type":"","overlay-color":"","overlay-opacity":"","overlay-gradient":""}}},"product_brand":[],"product_cat":[27],"product_tag":[],"class_list":{"0":"post-8118","1":"product","2":"type-product","3":"status-publish","4":"has-post-thumbnail","6":"product_cat-events","7":"desktop-align-left","8":"tablet-align-left","9":"mobile-align-left","10":"ast-product-gallery-layout-horizontal-slider","11":"ast-magnify-disabled","12":"ast-product-single-variable","13":"ast-product-tabs-layout-horizontal","15":"first","16":"instock","17":"featured","18":"taxable","19":"shipping-taxable","20":"purchasable","21":"product-type-variable"},"_links":{"self":[{"href":"https:\/\/schaumburger-ritter.de\/en\/wp-json\/wp\/v2\/product\/8118","targetHints":{"allow":["GET"]}}],"collection":[{"href":"https:\/\/schaumburger-ritter.de\/en\/wp-json\/wp\/v2\/product"}],"about":[{"href":"https:\/\/schaumburger-ritter.de\/en\/wp-json\/wp\/v2\/types\/product"}],"wp:featuredmedia":[{"embeddable":true,"href":"https:\/\/schaumburger-ritter.de\/en\/wp-json\/wp\/v2\/media\/8121"}],"wp:attachment":[{"href":"https:\/\/schaumburger-ritter.de\/en\/wp-json\/wp\/v2\/media?parent=8118"}],"wp:term":[{"taxonomy":"product_brand","embeddable":true,"href":"https:\/\/schaumburger-ritter.de\/en\/wp-json\/wp\/v2\/product_brand?post=8118"},{"taxonomy":"product_cat","embeddable":true,"href":"https:\/\/schaumburger-ritter.de\/en\/wp-json\/wp\/v2\/product_cat?post=8118"},{"taxonomy":"product_tag","embeddable":true,"href":"https:\/\/schaumburger-ritter.de\/en\/wp-json\/wp\/v2\/product_tag?post=8118"}],"curies":[{"name":"wp","href":"https:\/\/api.w.org\/{rel}","templated":true}]}}