{"id":8197,"date":"2025-11-23T22:03:01","date_gmt":"2025-11-23T21:03:01","guid":{"rendered":"https:\/\/schaumburger-ritter.de\/?post_type=product&#038;p=8197"},"modified":"2026-04-17T17:18:26","modified_gmt":"2026-04-17T15:18:26","slug":"runter-vom-berg-und-rauf-auf-die-schiene","status":"publish","type":"product","link":"https:\/\/schaumburger-ritter.de\/en\/product\/runter-vom-berg-und-rauf-auf-die-schiene\/","title":{"rendered":"Runter vom Berg und rauf auf die Schiene &#8211; So. 30.08.2026"},"content":{"rendered":"<p data-start=\"81\" data-end=\"279\"><strong data-start=\"81\" data-end=\"127\">\u201eRunter vom Berg und rauf auf die Schiene\u201c<\/strong><br data-start=\"127\" data-end=\"130\" \/>Erleben Sie ein au\u00dfergew\u00f6hnliches Event, das den Schaumburger Ritter und die Paschenburg in Kooperation mit der Landeseisenbahn Lippe e.V. vereint.<\/p>\n<p data-start=\"281\" data-end=\"522\">Starten Sie Ihre historische Bahn-Rundreise am Bahnhof B\u00f6singfeld und genie\u00dfen Sie unterwegs ein besonderes Erlebnis voller Nostalgie und Genuss. Begleitet wird die Fahrt von ausgew\u00e4hlten Speisen und Getr\u00e4nken, die im Preis enthalten sind.<\/p>\n<p data-start=\"524\" data-end=\"639\"><strong data-start=\"524\" data-end=\"547\">\u20ac 130,00 pro Person<\/strong><br data-start=\"547\" data-end=\"550\" \/>Ein unvergesslicher Ausflug f\u00fcr Genie\u00dfer, Entdecker und Freunde historischer Eisenbahnen.<\/p>","protected":false},"excerpt":{"rendered":"<h3>So. 30.08. von 15 &#8211; 19 Uhr<\/h3>\n<p>Preis pro Person inkl. Speisen und Getr\u00e4nke<\/p>","protected":false},"featured_media":8198,"template":"","meta":{"site-sidebar-layout":"default","site-content-layout":"default","ast-site-content-layout":"default","site-content-style":"default","site-sidebar-style":"default","ast-global-header-display":"","ast-banner-title-visibility":"","ast-main-header-display":"","ast-hfb-above-header-display":"","ast-hfb-below-header-display":"","ast-hfb-mobile-header-display":"","site-post-title":"","ast-breadcrumbs-content":"","ast-featured-img":"","footer-sml-layout":"","ast-disable-related-posts":"","theme-transparent-header-meta":"default","adv-header-id-meta":"","stick-header-meta":"default","header-above-stick-meta":"","header-main-stick-meta":"","header-below-stick-meta":"","astra-migrate-meta-layouts":"set","ast-page-background-enabled":"default","ast-page-background-meta":{"desktop":{"background-color":"","background-image":"","background-repeat":"repeat","background-position":"center center","background-size":"auto","background-attachment":"scroll","background-type":"","background-media":"","overlay-type":"","overlay-color":"","overlay-opacity":"","overlay-gradient":""},"tablet":{"background-color":"","background-image":"","background-repeat":"repeat","background-position":"center center","background-size":"auto","background-attachment":"scroll","background-type":"","background-media":"","overlay-type":"","overlay-color":"","overlay-opacity":"","overlay-gradient":""},"mobile":{"background-color":"","background-image":"","background-repeat":"repeat","background-position":"center center","background-size":"auto","background-attachment":"scroll","background-type":"","background-media":"","overlay-type":"","overlay-color":"","overlay-opacity":"","overlay-gradient":""}},"ast-content-background-meta":{"desktop":{"background-color":"var(--ast-global-color-5)","background-image":"","background-repeat":"repeat","background-position":"center center","background-size":"auto","background-attachment":"scroll","background-type":"","background-media":"","overlay-type":"","overlay-color":"","overlay-opacity":"","overlay-gradient":""},"tablet":{"background-color":"var(--ast-global-color-5)","background-image":"","background-repeat":"repeat","background-position":"center center","background-size":"auto","background-attachment":"scroll","background-type":"","background-media":"","overlay-type":"","overlay-color":"","overlay-opacity":"","overlay-gradient":""},"mobile":{"background-color":"var(--ast-global-color-5)","background-image":"","background-repeat":"repeat","background-position":"center center","background-size":"auto","background-attachment":"scroll","background-type":"","background-media":"","overlay-type":"","overlay-color":"","overlay-opacity":"","overlay-gradient":""}}},"product_brand":[],"product_cat":[27],"product_tag":[],"class_list":{"0":"post-8197","1":"product","2":"type-product","3":"status-publish","4":"has-post-thumbnail","6":"product_cat-events","7":"desktop-align-left","8":"tablet-align-left","9":"mobile-align-left","11":"first","12":"instock","13":"featured","14":"taxable","15":"shipping-taxable","16":"purchasable","17":"product-type-simple"},"_links":{"self":[{"href":"https:\/\/schaumburger-ritter.de\/en\/wp-json\/wp\/v2\/product\/8197","targetHints":{"allow":["GET"]}}],"collection":[{"href":"https:\/\/schaumburger-ritter.de\/en\/wp-json\/wp\/v2\/product"}],"about":[{"href":"https:\/\/schaumburger-ritter.de\/en\/wp-json\/wp\/v2\/types\/product"}],"wp:featuredmedia":[{"embeddable":true,"href":"https:\/\/schaumburger-ritter.de\/en\/wp-json\/wp\/v2\/media\/8198"}],"wp:attachment":[{"href":"https:\/\/schaumburger-ritter.de\/en\/wp-json\/wp\/v2\/media?parent=8197"}],"wp:term":[{"taxonomy":"product_brand","embeddable":true,"href":"https:\/\/schaumburger-ritter.de\/en\/wp-json\/wp\/v2\/product_brand?post=8197"},{"taxonomy":"product_cat","embeddable":true,"href":"https:\/\/schaumburger-ritter.de\/en\/wp-json\/wp\/v2\/product_cat?post=8197"},{"taxonomy":"product_tag","embeddable":true,"href":"https:\/\/schaumburger-ritter.de\/en\/wp-json\/wp\/v2\/product_tag?post=8197"}],"curies":[{"name":"wp","href":"https:\/\/api.w.org\/{rel}","templated":true}]}}