{"id":8362,"date":"2026-02-03T13:44:19","date_gmt":"2026-02-03T12:44:19","guid":{"rendered":"https:\/\/schaumburger-ritter.de\/?post_type=product&#038;p=8362"},"modified":"2026-02-26T08:56:37","modified_gmt":"2026-02-26T07:56:37","slug":"zimmer-theater-eine-schoene-bescherung-so-13-12-2026","status":"publish","type":"product","link":"https:\/\/schaumburger-ritter.de\/en\/product\/zimmer-theater-eine-schoene-bescherung-so-13-12-2026\/","title":{"rendered":"ZIMMER.THEATER &#8211; Eine sch\u00f6ne Bescherung &#8211; So. 13.12.2026"},"content":{"rendered":"<p class=\"p2\"><span class=\"s2\"><b>EINE SCH\u00d6NE BESCHERUNG <\/b><\/span><b>Weihnachtliche Kom\u00f6die vom ZIMMER.THEATER <\/b>Wo kann man Weihnachten besser verbringen als in einem Luxushotel mitten in den verschneiten Winterbergen? Doch leider sieht die Realit\u00e4t ein bisschen anders aus. Leon Franke (Stefan Marx) kann sein Pech kaum fassen: Ein liegengebliebenes Auto mitten im Schnee irgendwo in den Bergen, ein Luxushotel das sich als marode Almh\u00fctte entpuppt, Lawinengefahr der Stufe f\u00fcnf\u2026 und alles zwei Tage vor dem Fest der Liebe. Als dann auch noch der \u00fcberaus freundliche Pensionswirt Paul (Simon Hillebrand) auftaucht und Leons ohnehin schon stressiges Leben entschleunigen will, ist der Weihnachtswahnsinn perfekt. Eingeschneit bei Brot und Wasser \u2013 der Heilige Abend kann kommen\u2026<\/p>\n<p class=\"p2\">Diese Schauspielkom\u00f6die vom ZIMMER.THEATER muss man einfach gesehen haben! Ob Weihnachtsliebhaber oder Weihnachtsgrinch: nach dieser unterhaltsamen Inszenierung wird jedes Fest zum Highlight.<\/p>\n<p class=\"p2\">___________________________________________________________<\/p>\n<p class=\"p2\"><span class=\"s2\"><b>Das ZIMMER.THEATER <\/b><\/span>Simon Hillebrand und Stefan Marx sind ausgebildete Schauspieler und Regisseure. 2015 haben sie das Zimmertheater mit gerade mal knapp 50 Zuschauerpl\u00e4tzen er\u00f6ffnet. Der Name war Programm: ein kleines Theater in gem\u00fctlicher Zimmeratmosph\u00e4re. Bis heute sind die zwei nicht nur dem Namen, auch ihrem Konzept treu geblieben. Auf dem Spielplan stehen 2-Mann-St\u00fccke \u2013 eigens geschrieben, inszeniert und nat\u00fcrlich auch selbst gespielt. Inzwischen betreiben die beiden Akteure in H\u00f6xter und Bad Driburg, NRW, zwei B\u00fchnen mit jeweils 200 Pl\u00e4tzen. Neben regelm\u00e4\u00dfig stattfindenden Veranstaltungen von Gastk\u00fcnstler\/innen aus unterschiedlichen Bereichen wie Comedy, Kabarett, Zauberei, Musik\u2026 sind die beiden mit ihren Schauspielkom\u00f6dien auch selber auf ihren B\u00fchnen sowie auf Tournee quer durch Deutschland zu erleben. Die modernen und unterhaltsamen Eigenproduktionen sind eine Mischung aus Schauspiel und Comedy und begeistern Zuschauer\/innen jeden Alters.<\/p>\n<p class=\"p2\">___________________________________________________________<\/p>","protected":false},"excerpt":{"rendered":"<h3>So. 13.12. Beginn 17:30 Uhr<\/h3>\n<p>Preis pro Person inkl. 3-Gang-Men\u00fc + Aperitif<\/p>","protected":false},"featured_media":8363,"template":"","meta":{"site-sidebar-layout":"default","site-content-layout":"default","ast-site-content-layout":"default","site-content-style":"default","site-sidebar-style":"default","ast-global-header-display":"","ast-banner-title-visibility":"","ast-main-header-display":"","ast-hfb-above-header-display":"","ast-hfb-below-header-display":"","ast-hfb-mobile-header-display":"","site-post-title":"","ast-breadcrumbs-content":"","ast-featured-img":"","footer-sml-layout":"","ast-disable-related-posts":"","theme-transparent-header-meta":"default","adv-header-id-meta":"","stick-header-meta":"default","header-above-stick-meta":"","header-main-stick-meta":"","header-below-stick-meta":"","astra-migrate-meta-layouts":"set","ast-page-background-enabled":"default","ast-page-background-meta":{"desktop":{"background-color":"","background-image":"","background-repeat":"repeat","background-position":"center center","background-size":"auto","background-attachment":"scroll","background-type":"","background-media":"","overlay-type":"","overlay-color":"","overlay-opacity":"","overlay-gradient":""},"tablet":{"background-color":"","background-image":"","background-repeat":"repeat","background-position":"center center","background-size":"auto","background-attachment":"scroll","background-type":"","background-media":"","overlay-type":"","overlay-color":"","overlay-opacity":"","overlay-gradient":""},"mobile":{"background-color":"","background-image":"","background-repeat":"repeat","background-position":"center center","background-size":"auto","background-attachment":"scroll","background-type":"","background-media":"","overlay-type":"","overlay-color":"","overlay-opacity":"","overlay-gradient":""}},"ast-content-background-meta":{"desktop":{"background-color":"var(--ast-global-color-5)","background-image":"","background-repeat":"repeat","background-position":"center center","background-size":"auto","background-attachment":"scroll","background-type":"","background-media":"","overlay-type":"","overlay-color":"","overlay-opacity":"","overlay-gradient":""},"tablet":{"background-color":"var(--ast-global-color-5)","background-image":"","background-repeat":"repeat","background-position":"center center","background-size":"auto","background-attachment":"scroll","background-type":"","background-media":"","overlay-type":"","overlay-color":"","overlay-opacity":"","overlay-gradient":""},"mobile":{"background-color":"var(--ast-global-color-5)","background-image":"","background-repeat":"repeat","background-position":"center center","background-size":"auto","background-attachment":"scroll","background-type":"","background-media":"","overlay-type":"","overlay-color":"","overlay-opacity":"","overlay-gradient":""}}},"product_brand":[],"product_cat":[27],"product_tag":[],"class_list":{"0":"post-8362","1":"product","2":"type-product","3":"status-publish","4":"has-post-thumbnail","6":"product_cat-events","7":"desktop-align-left","8":"tablet-align-left","9":"mobile-align-left","10":"ast-product-gallery-layout-horizontal-slider","11":"ast-product-gallery-with-no-image","12":"ast-magnify-disabled","13":"ast-product-tabs-layout-horizontal","15":"first","16":"instock","17":"featured","18":"taxable","19":"shipping-taxable","20":"purchasable","21":"product-type-simple"},"_links":{"self":[{"href":"https:\/\/schaumburger-ritter.de\/en\/wp-json\/wp\/v2\/product\/8362","targetHints":{"allow":["GET"]}}],"collection":[{"href":"https:\/\/schaumburger-ritter.de\/en\/wp-json\/wp\/v2\/product"}],"about":[{"href":"https:\/\/schaumburger-ritter.de\/en\/wp-json\/wp\/v2\/types\/product"}],"wp:featuredmedia":[{"embeddable":true,"href":"https:\/\/schaumburger-ritter.de\/en\/wp-json\/wp\/v2\/media\/8363"}],"wp:attachment":[{"href":"https:\/\/schaumburger-ritter.de\/en\/wp-json\/wp\/v2\/media?parent=8362"}],"wp:term":[{"taxonomy":"product_brand","embeddable":true,"href":"https:\/\/schaumburger-ritter.de\/en\/wp-json\/wp\/v2\/product_brand?post=8362"},{"taxonomy":"product_cat","embeddable":true,"href":"https:\/\/schaumburger-ritter.de\/en\/wp-json\/wp\/v2\/product_cat?post=8362"},{"taxonomy":"product_tag","embeddable":true,"href":"https:\/\/schaumburger-ritter.de\/en\/wp-json\/wp\/v2\/product_tag?post=8362"}],"curies":[{"name":"wp","href":"https:\/\/api.w.org\/{rel}","templated":true}]}}